{"id":2984,"date":"2019-12-17T15:58:54","date_gmt":"2019-12-17T14:58:54","guid":{"rendered":"https:\/\/www.komunala-izola.si\/predstavitev\/"},"modified":"2025-12-05T12:08:44","modified_gmt":"2025-12-05T11:08:44","slug":"presentazione-dellazienda","status":"publish","type":"page","link":"https:\/\/www.komunala-izola.si\/it\/presentazione-dellazienda\/","title":{"rendered":"Presentazione dell\u2019azienda"},"content":{"rendered":"<p><section class=\"kc-elm kc-css-786973 kc_row\"><div class=\" container\"><div class=\"row\"><div class=\"kc-elm kc-css-551749 col-12 col-md-8 column col-12 col-md-8\"><div class=\"kc-col-container\"><div class=\"kc-elm kc-css-688223 kc_text_block\"><\/p>\n<h4 style=\"text-align: justify;\">Conformemente al Decreto sui servizi pubblici di rilevanza economica nel Comune di Isola, ed in virt\u00f9 dei contratti stipulati, l\u2019azienda esercita le seguenti attivit\u00e0:<\/h4>\n<h5>Servizi pubblici di rilevanza economica \u2013 obbligatori:<\/h5>\n<ul style=\"text-align: left;\">\n<li>Smaltimento e depurazione delle acque reflue urbane e delle acque piovane,<\/li>\n<li>Raccolta di determinate tipologie di rifiuti urbani,<\/li>\n<li>Trattamento di determinate tipologie di rifiuti urbani,<\/li>\n<li>Discarica dei residui provenienti dal trattamento o dallo smaltimento dei rifiuti urbani,<\/li>\n<li>Manutenzione e pulizia delle superfici pubbliche,<\/li>\n<li>Manutenzione delle strade pubbliche (comunali) \u2013 come dalla Legge ZCest-1, per garantirne la sicurezza e la praticabilit\u00e0, controllo dello stato delle strade pubbliche e delle aree di pertinenza, garanzia della praticabilit\u00e0 delle strade in caso di calamit\u00e0 naturali o di altro genere,<\/li>\n<li>Servizio funebre di turno, attivo 24 ore su 24.<\/li>\n<\/ul>\n<h5 style=\"text-align: left;\">Servizi pubblici di rilevanza economica \u2013 facoltativi:<\/h5>\n<ul style=\"text-align: left;\">\n<li>Amministrazione del porto (ormeggi comunali e altri ormeggi),<\/li>\n<li>Manutenzione di parcheggi e autosilo pubblici,<\/li>\n<li>Manutenzione di cimiteri e locazione dei loculi,<\/li>\n<li>Rimozione forzata dei veicoli e dei veicoli abbandonati dal territorio del comune,<\/li>\n<li>Cura e manutenzione degli stabilimenti balneari pubblici, della fascia costiera e dello specchio di mare adiacente alla costa,<\/li>\n<li>Assetto dei servizi igienici pubblici,<\/li>\n<li>Assetto e manutenzione di mercato in citt\u00e0 e negli abitanti,<\/li>\n<li>Ornamentazione della citt\u00e0 e degli abitati (esposizione delle bandiere), esposizione di manifesti,<\/li>\n<li>Sistemazione e manutenzione dei parchi giochi per bambini,<\/li>\n<li>Sistemazione delle vie pubbliche, delle superfici destinate ai pedoni e del verde pubblico, dei passeggi e delle altre aree pubbliche.<\/li>\n<\/ul>\n<p>Oltre alle attivit\u00e0 dei servizi pubblici economici, l\u2019azienda Komunala di Isola esercita anche attivit\u00e0 di mercato.<\/p>\n<p>\n<\/div><div class=\"kc-elm kc-css-917883 kc_text_block\"><\/p>\n<h2 style=\"text-align: left;\"><span style=\"font-size: 0.83em; font-style: inherit;\">Missione<\/span><\/h2>\n<p>L\u2019azienda Komunala si impegna a fornire all\u2019utenza servizi pubblici comunali di qualit\u00e0 a prezzi competitivi, concepiti a misura dell\u2019utenza, ecosostenibili ed efficienti dal punto di vista del consumo dei fondi. L\u2019azienda continuer\u00e0 ad attuare la propria missione operando con diligenza e onest\u00e0 nonch\u00e9 in stretta collaborazione con gli utenti e con l\u2019ambiente naturale.<\/p>\n<p>\n<\/div><div class=\"kc-elm kc-css-610045 kc_text_block\"><\/p>\n<h2 style=\"text-align: left;\"><span style=\"font-size: 0.83em; color: #444444; font-style: inherit;\">Visione<\/span><\/h2>\n<p>La visione dell\u2019azienda \u00e8 quella di diventare un\u2019azienda pubblica eco-orientata, moderna, dotata delle tecnologie pi\u00f9 avanzate e orientata allo sviluppo.<\/p>\n<p>\n<\/div><div class=\"kc-elm kc-css-166179 kc_text_block\"><\/p>\n<h2 style=\"text-align: left;\"><span style=\"font-size: 0.83em; color: #444444; font-style: inherit;\">Politica dei sistemi di gestione<\/span><\/h2>\n<p>\n<\/div><div class=\"kc-elm kc-css-907939 kc_text_block\"><\/p>\n<h2 style=\"text-align: left;\"><span style=\"font-size: 0.83em; color: #444444; font-style: inherit;\"><a href=\"https:\/\/www.komunala-izola.si\/wp-content\/uploads\/2020\/02\/politika_2018slo_1.jpg\" target=\"_blank\" rel=\"noopener noreferrer\"><img loading=\"lazy\" decoding=\"async\" class=\"alignleft\" src=\"https:\/\/www.komunala-izola.si\/wp-content\/uploads\/2020\/02\/politika_2018slo_1.jpg\" alt=\"\" width=\"250\" height=\"333\" \/><\/a><\/span><\/h2>\n<h5>La qualit\u00e0 e la responsabilit\u00e0 nei confronti dell\u2019utenza e dell\u2019ambiente sono i fattori vincolanti dell\u2019azienda nella gestione degli affari.<\/h5>\n<p style=\"text-align: justify;\">L\u2019azienda continuer\u00e0 a garantire l\u2019implementazione sistematica delle misure finalizzate ad elevare il livello di qualit\u00e0 dei propri servizi e di tutela dell\u2019ambiente, tanto tramite la modernizzazione degli equipaggiamenti e delle procedure di lavoro, e l\u2019ottimizzazione dei processi e dell\u2019organizzazione aziendale interna, quanto tramite il continuo apporto di miglioramenti e la costante sensibilizzazione dell\u2019utenza e del proprio personale all\u2019importanza di ridurre l\u2019impatto ambientale.<\/p>\n<p>\n<\/div><div class=\"kc-elm kc-css-664938 kc_text_block\"><\/p>\n<h2 style=\"text-align: left;\"><span style=\"font-size: 0.83em; color: #444444; font-style: inherit;\">Organizzazione<\/span><\/h2>\n<p style=\"text-align: justify;\"><span lang=\"IT\">L\u2019azienda pubblica \u00e8 rappresentata e diretta dal direttore. Le varie unit\u00e0 organizzative si suddividono in tre settori: il Settore operativo, Settore servizi generali e il Settore di gestione dei beni immobili.<\/span><\/p>\n<p style=\"text-align: justify;\"><span lang=\"IT\">Il Settore operativo unisce le seguenti unit\u00e0 operative (UO): Rete fognaria, Manutenzione dell\u2019ambiente, Ecologia e gestione dei rifiuti, Servizi funebri e cimiteriali, Attivit\u00e0 portuali e parcheggi, Macchinari e Costruzioni.<\/span><\/p>\n<p style=\"text-align: justify;\"><span lang=\"IT\">Nel Settore servizi generali sono invece inclusi quattro servizi di supporto: il Servizio di controlling, il Servizio per gli affari generali, il personale e le questioni legali, il Servizio finanze e contabilit\u00e0 e L\u2019Ufficio acquisti.<\/span><\/p>\n<p>\n<\/div><\/div><\/div><div class=\"kc-elm kc-css-986501 col-12 col-md-4 column col-12 col-md-4\"><div class=\"kc-col-container\"><div class=\"kc-elm kc-css-229010 kc_text_block\"><\/p>\n<h4>Storia<\/h4>\n<h5>Anno 1954<\/h5>\n<p>Il Comune di Isola istituisce un ente autonomo denominato <em>Uprava komunalne dejavnosti Izola<\/em><\/p>\n<h5>Anno 1962<\/h5>\n<p>Estinzione del sopraccitato ente autonomo; viene costituita l\u2019azienda denominata <em>Splo\u0161no komunalno podjetje Izola<\/em>.<\/p>\n<h5>Anno 1991<\/h5>\n<p>L\u2019azienda <em>Splo\u0161no komunalno podjetje Izola<\/em> cambia denominazione in: <em>Azienda pubblica Komunala Isola di propriet\u00e0 sociale. <\/em><\/p>\n<h5>Anno 1994<\/h5>\n<p>L\u2019azienda passa in propriet\u00e0 del Comune di Isola e cambia ragione sociale in societ\u00e0 a responsabilit\u00e0 limitata (S.r.l.).<\/p>\n<h5>Anno 2003<\/h5>\n<p>Con l\u2019approvazione del Decreto sulla regolazione dello status dell\u2019azienda pubblica \u201cJavno podjetje Komunala Izola, d.o.o. &#8211; Azienda pubblica Komunala Isola, S.r.l.\u201d (Bollettino Ufficiale del Comune di Isola n. 8\/2003) viene regolamentato lo status dell\u2019azienda.<\/p>\n<p style=\"text-align: left;\" align=\"JUSTIFY\">\n<\/div><\/div><\/div><\/div><\/div><\/section><section class=\"kc-elm kc-css-340930 kc_row\"><div class=\" container\"><div class=\"row\"><div class=\"kc-elm kc-css-378206 col-12 col-md-12 column col-12 col-md-12\"><div class=\"kc-col-container\"><div class=\"kc-elm kc-css-826015 kc_text_block\"><\/p>\n<p>\n<\/div><\/div><\/div><\/div><\/div><\/section><\/p>\n","protected":false},"excerpt":{"rendered":"","protected":false},"author":6,"featured_media":1586,"parent":0,"menu_order":0,"comment_status":"closed","ping_status":"closed","template":"page-templates\/fullwidthpage.php","meta":{"_acf_changed":false,"footnotes":""},"class_list":["post-2984","page","type-page","status-publish","has-post-thumbnail","hentry"],"acf":[],"_links":{"self":[{"href":"https:\/\/www.komunala-izola.si\/it\/wp-json\/wp\/v2\/pages\/2984","targetHints":{"allow":["GET"]}}],"collection":[{"href":"https:\/\/www.komunala-izola.si\/it\/wp-json\/wp\/v2\/pages"}],"about":[{"href":"https:\/\/www.komunala-izola.si\/it\/wp-json\/wp\/v2\/types\/page"}],"author":[{"embeddable":true,"href":"https:\/\/www.komunala-izola.si\/it\/wp-json\/wp\/v2\/users\/6"}],"replies":[{"embeddable":true,"href":"https:\/\/www.komunala-izola.si\/it\/wp-json\/wp\/v2\/comments?post=2984"}],"version-history":[{"count":0,"href":"https:\/\/www.komunala-izola.si\/it\/wp-json\/wp\/v2\/pages\/2984\/revisions"}],"wp:featuredmedia":[{"embeddable":true,"href":"https:\/\/www.komunala-izola.si\/it\/wp-json\/wp\/v2\/media\/1586"}],"wp:attachment":[{"href":"https:\/\/www.komunala-izola.si\/it\/wp-json\/wp\/v2\/media?parent=2984"}],"curies":[{"name":"wp","href":"https:\/\/api.w.org\/{rel}","templated":true}]}}