{"id":2937,"date":"2019-12-17T16:08:41","date_gmt":"2019-12-17T15:08:41","guid":{"rendered":"https:\/\/www.komunala-izola.si\/dejavnosti-2-2\/zbiranje-in-odvoz-odpadkov\/loceno-zbiranje-odpadkov\/"},"modified":"2020-05-26T13:12:01","modified_gmt":"2020-05-26T11:12:01","slug":"raccolta-dei-rifiuti-nelle-isole-ecologiche","status":"publish","type":"page","link":"https:\/\/www.komunala-izola.si\/it\/attivita\/raccolta-e-smaltimento-dei-rifiuti\/raccolta-dei-rifiuti-nelle-isole-ecologiche\/","title":{"rendered":"Raccolta dei rifiuti nelle isole ecologiche"},"content":{"rendered":"<p><section class=\"kc-elm kc_row\"><div class=\" container\"><div class=\"row\"><div class=\"kc-elm column col-12 col-md-12\"><div class=\"kc-col-container\"><div class=\"clear\"><\/div>\n<div class=\"mod-id- kc-elm kc-raw-code emigma-icon-box-outer \">\n    <div class=\"layout-grid-3\">\n            <\/div>\n<\/div>\n\n\n\n<div class=\"clear\"><\/div>\n<\/div><\/div><\/div><\/div><\/section><section class=\"kc-elm kc_row\"><div class=\" container\"><div class=\"row\"><div class=\"kc-elm column col-12 col-md-12\"><div class=\"kc-col-container\"><div class=\"kc-elm kc_text_block\"><\/p>\n<h4>\u201cCon la raccolta differenziata dei rifiuti domestici \u00e8 possibile ridurne la quantit\u00e0 di pi\u00f9 del 50 %, in quanto \u00e8 possibile recuperare tali rifiuti e riutilizzarli trasformandoli in oggetti utili.\u201d<\/h4>\n<p>I cittadini di Isola possono conferire le frazioni differenziate di rifiuti negli appositi cassonetti sistemati nelle cosiddette isole ecologiche \u2013 i punti di raccolta dei rifiuti.<\/p>\n<p>I cassonetti destinati alle singole frazioni di rifiuti si distinguono per colore, alcuni sono anche contrassegnati con degli adesivi indicanti le singole tipologie ovvero frazioni di rifiuti.<\/p>\n<p>\n<\/div>\n<div class=\"kc-elm kc-title-wrap \">\n\n\t<h1 class=\"kc_title\">The Title<\/h1>\n<\/div>\n\n<div class=\"kc-elm\">\n\t<a class=\"kc_button\" href=\"#\" onclick=\"\">\n\t\tText Button\t<\/a>\n<\/div>\n<\/div><\/div><div class=\"kc-elm column col-12 col-md-12\"><div class=\"kc-col-container\"><div class=\"kc-elm kc_shortcode kc_single_image\">\n\n        <img decoding=\"async\" src=\"https:\/\/www.komunala-izola.si\/wp-content\/plugins\/kingcomposer\/assets\/images\/get_start.jpg\" class=\"kc_image_empty\" alt=\"\" \/>    <\/div>\n<\/div><\/div><\/div><\/div><\/section><section class=\"kc-elm kc_row\"><div class=\" container\"><div class=\"row\"><div class=\"kc-elm column col-12 col-md-12\"><div class=\"kc-col-container\"><div class=\"kc-elm kc_shortcode kc_single_image\">\n\n        <img decoding=\"async\" src=\"https:\/\/www.komunala-izola.si\/wp-content\/plugins\/kingcomposer\/assets\/images\/get_start.jpg\" class=\"kc_image_empty\" alt=\"\" \/>    <\/div>\n\n<div class=\"kc-elm kc-title-wrap \">\n\n\t<h1 class=\"kc_title\">The Title<\/h1>\n<\/div>\n<div class=\"kc-elm kc_text_block\"><\/p>\n<p>\nCassonetto destinato alla raccolta di carta e imballaggi di cartone.<\/p>\n<p>\n<\/div>\n<div class=\"kc-elm kc-title-wrap \">\n\n\t<h1 class=\"kc_title\">The Title<\/h1>\n<\/div>\n<div class=\"kc-elm kc_text_block\"><\/p>\n<p>\nPrima di conferirli nel cassonetto, \u00e8 necessario smontare e piegare gli scatoloni di cartone per ridurne il volume; in caso contrario il cassonetto si riempie troppo in fretta.<\/p>\n<p>\n<\/div><\/div><\/div><div class=\"kc-elm column col-12 col-md-12\"><div class=\"kc-col-container\"><div class=\"clear\"><\/div>\n<div class=\"mod-id- kc-elm kc-raw-code emigma-icon-box-outer \">\n    <div class=\"layout-grid-3\">\n            <\/div>\n<\/div>\n\n\n\n<div class=\"clear\"><\/div>\n<div class=\"kc-elm kc_text_block\"><\/p>\n<ul>\n<li>Giornali,<\/li>\n<li>Riviste,<\/li>\n<li>Quaderni,<\/li>\n<li>Libri,<\/li>\n<li>D\u00e9pliant,<\/li>\n<li>Cataloghi,<\/li>\n<li>Carta da ufficio,<\/li>\n<li>Buste,<\/li>\n<li>Carta da imballo,<\/li>\n<li>Sacchetti di carta per la spesa,<\/li>\n<li>Cartonaggi vari e piccole confezioni di cartone.<\/li>\n<\/ul>\n<p>\n<\/div><\/div><\/div><div class=\"kc-elm column col-12 col-md-12\"><div class=\"kc-col-container\"><div class=\"clear\"><\/div>\n<div class=\"mod-id- kc-elm kc-raw-code emigma-icon-box-outer \">\n    <div class=\"layout-grid-3\">\n            <\/div>\n<\/div>\n\n\n\n<div class=\"clear\"><\/div>\n<div class=\"kc-elm kc_text_block\"><\/p>\n<ul>\n<li>Carta unta ovvero sporca,<\/li>\n<li>Carta cerata o plastificata,<\/li>\n<li>Carta ad uso igienico (carta assorbente, fazzoletti di carta),<\/li>\n<li>Confezioni tetrapak,<\/li>\n<li>Sacchi di carta contenenti colle e collanti in polvere, cemento, calce, foraggi o mangimi,<\/li>\n<li>Carta da parati,<\/li>\n<li>Cellofan,<\/li>\n<li>Imballaggi inquinati con residui di sostanze pericolose (imballaggi di sostanze per l\u2019irroramento o velenose) e<\/li>\n<li>Copertine in materia plastica di agende e quaderni.<\/li>\n<\/ul>\n<p>\n<\/div><\/div><\/div><\/div><\/div><\/section><section class=\"kc-elm kc_row\"><div class=\" container\"><div class=\"row\"><div class=\"kc-elm column col-12 col-md-12\"><div class=\"kc-col-container\"><div class=\"kc-elm kc_shortcode kc_single_image\">\n\n        <img decoding=\"async\" src=\"https:\/\/www.komunala-izola.si\/wp-content\/plugins\/kingcomposer\/assets\/images\/get_start.jpg\" class=\"kc_image_empty\" alt=\"\" \/>    <\/div>\n\n<div class=\"kc-elm kc-title-wrap \">\n\n\t<h1 class=\"kc_title\">The Title<\/h1>\n<\/div>\n<div class=\"kc-elm kc_text_block\"><\/p>\n<p>\nCassonetto destinato alla raccolta di imballaggi di plastica, metallo o materiali composti.<\/p>\n<p>\n<\/div>\n<div class=\"kc-elm kc-title-wrap \">\n\n\t<h1 class=\"kc_title\">The Title<\/h1>\n<\/div>\n<div class=\"kc-elm kc_text_block\"><\/p>\n<p>\nIl termine \u201cimballaggi\u201d sta ad indicare i prodotti destinati a contenere una materia o un prodotto per avvolgerlo o tenerlo unito al fine di conservarlo e proteggerlo, e consentirne la manipolazione e il trasporto.<\/p>\n<p>Prima di conferirli nel cassonetto, gli imballaggi devono essere svuotati e piegati ovvero schiacciati per ridurne il volume.<\/p>\n<p>\n<\/div><\/div><\/div><div class=\"kc-elm column col-12 col-md-12\"><div class=\"kc-col-container\"><div class=\"clear\"><\/div>\n<div class=\"mod-id- kc-elm kc-raw-code emigma-icon-box-outer \">\n    <div class=\"layout-grid-3\">\n            <\/div>\n<\/div>\n\n\n\n<div class=\"clear\"><\/div>\n<div class=\"kc-elm kc_text_block\"><\/p>\n<ul>\n<li>Bottiglie di plastica di bibite e alimentari, sostanze detergenti, detersivi e sim.,<\/li>\n<li>Confezioni di materiali composti, ad es. le confezioni tetrapak del latte,<\/li>\n<li>Confezioni di succhi, sughi e sim.,<\/li>\n<li>Sacchetti di plastica,<\/li>\n<li>Varie pellicole ad uso alimentare,<\/li>\n<li>Imballaggi di plastica di generi alimentari (ad es. contenitori di ricotta, creme da spalmare&#8230;),<\/li>\n<li>Retine in plastica (ad es. per il confezionamento di frutta, verdura, salumi&#8230;),<\/li>\n<li>Lattine e barattoli di cibi e bevande,<\/li>\n<li>Tubetti metallici e plastici (ad es. di maionese, pat\u00e9, dentifrici&#8230;),<\/li>\n<li>Coperchi in alluminio delle confezioni di yogurt, pat\u00e9 e sim.),<\/li>\n<li>Foglio di alluminio da cucina,<\/li>\n<li>Blister ed altre confezioni di medicinali.<\/li>\n<\/ul>\n<p>\n<\/div><\/div><\/div><div class=\"kc-elm column col-12 col-md-12\"><div class=\"kc-col-container\"><div class=\"clear\"><\/div>\n<div class=\"mod-id- kc-elm kc-raw-code emigma-icon-box-outer \">\n    <div class=\"layout-grid-3\">\n            <\/div>\n<\/div>\n\n\n\n<div class=\"clear\"><\/div>\n<div class=\"kc-elm kc_text_block\"><\/p>\n<ul>\n<li>Lattine, barattoli e altre confezioni complete del contenuto,<\/li>\n<li>Prodotti in plastica non da imballaggio (ad es. giocattoli, articoli sportivi),<\/li>\n<li>Bombolette vuote di spray, vernici a spruzzo, lacche per capelli,<\/li>\n<li>Rifiuti plastici ingombranti (ad es. tavoli e sedie in plastica),<\/li>\n<li>Rifiuti la cui raccolta \u00e8 prevista in altri cassonetti o punti di raccolta,<\/li>\n<li>Rifiuti pericolosi,<\/li>\n<li>Rifiuti ingombranti.<\/li>\n<\/ul>\n<p>\n<\/div><\/div><\/div><\/div><\/div><\/section><section class=\"kc-elm kc_row\"><div class=\" container\"><div class=\"row\"><div class=\"kc-elm column col-12 col-md-12\"><div class=\"kc-col-container\"><div class=\"kc-elm kc_shortcode kc_single_image\">\n\n        <img decoding=\"async\" src=\"https:\/\/www.komunala-izola.si\/wp-content\/plugins\/kingcomposer\/assets\/images\/get_start.jpg\" class=\"kc_image_empty\" alt=\"\" \/>    <\/div>\n\n<div class=\"kc-elm kc-title-wrap \">\n\n\t<h1 class=\"kc_title\">The Title<\/h1>\n<\/div>\n<div class=\"kc-elm kc_text_block\"><\/p>\n<p>\nCassonetto destinato alla raccolta di imballaggi di vetro.<\/p>\n<p>\n<\/div>\n<div class=\"kc-elm kc-title-wrap \">\n\n\t<h1 class=\"kc_title\">The Title<\/h1>\n<\/div>\n<div class=\"kc-elm kc_text_block\"><\/p>\n<p>\nPrima di conferirli nel cassonetto, gli imballaggi di vetro devono essere completamente svuotati e privati dei coperchi o tappi; i coperchi e i tappi vanno conferiti nel cassonetto degli imballaggi misti.<\/p>\n<p>\n<\/div><\/div><\/div><div class=\"kc-elm column col-12 col-md-12\"><div class=\"kc-col-container\"><div class=\"clear\"><\/div>\n<div class=\"mod-id- kc-elm kc-raw-code emigma-icon-box-outer \">\n    <div class=\"layout-grid-3\">\n            <\/div>\n<\/div>\n\n\n\n<div class=\"clear\"><\/div>\n<div class=\"kc-elm kc_text_block\"><\/p>\n<ul>\n<li>Bottiglie,<\/li>\n<li>Confezioni in vetro pulite di cosmetici e medicinali,<\/li>\n<li>Vasi e vasetti per cibi conservati,<\/li>\n<li>Recipienti e vasi di vetro e sim.<\/li>\n<\/ul>\n<p>\n<\/div><\/div><\/div><div class=\"kc-elm column col-12 col-md-12\"><div class=\"kc-col-container\"><div class=\"clear\"><\/div>\n<div class=\"mod-id- kc-elm kc-raw-code emigma-icon-box-outer \">\n    <div class=\"layout-grid-3\">\n            <\/div>\n<\/div>\n\n\n\n<div class=\"clear\"><\/div>\n<div class=\"kc-elm kc_text_block\"><\/p>\n<ul>\n<li>Vetri di finestre, automobili ed altri tipi di vetro piano,<\/li>\n<li>Specchi, vetro cristallo, vetro di schermi,<\/li>\n<li>Pezzi vitrei di lampade,<\/li>\n<li>Lampadine normali e a basso consumo,<\/li>\n<li>Plexiglas, vetro al carbonio e altri tipi di vetri sintetici,<\/li>\n<li>Prodotti in porcellana e ceramica.<\/li>\n<\/ul>\n<p>\n<\/div><\/div><\/div><\/div><\/div><\/section><section class=\"kc-elm kc_row\"><div class=\" container\"><div class=\"row\"><div class=\"kc-elm column col-12 col-md-12\"><div class=\"kc-col-container\"><div class=\"kc-elm kc_shortcode kc_single_image\">\n\n        <img decoding=\"async\" src=\"https:\/\/www.komunala-izola.si\/wp-content\/plugins\/kingcomposer\/assets\/images\/get_start.jpg\" class=\"kc_image_empty\" alt=\"\" \/>    <\/div>\n\n<div class=\"kc-elm kc-title-wrap \">\n\n\t<h1 class=\"kc_title\">The Title<\/h1>\n<\/div>\n<div class=\"kc-elm kc_text_block\"><\/p>\n<p>\nCassonetto destinato alla raccolta dei rifiuti biodegradabili.<\/p>\n<p>\n<\/div>\n<div class=\"kc-elm kc-title-wrap \">\n\n\t<h1 class=\"kc_title\">The Title<\/h1>\n<\/div>\n<div class=\"kc-elm kc_text_block\"><\/p>\n<p>\nI rifiuti biodegradabili provengono da cucine domestiche e mense e dalla distribuzione di cibi nell\u2019ambito del settore alimentare. Fanno parte dei rifiuti biodegradabili anche gli sfalci verdi (scarti di orto e giardino) in quantit\u00e0 ridotte.<\/p>\n<p>\n<\/div>\n<div class=\"kc-elm kc-title-wrap \">\n\n\t<h1 class=\"kc_title\">The Title<\/h1>\n<\/div>\n<div class=\"kc-elm kc_text_block\"><\/p>\n<p>\nNon conferire nei cassonetti i rifiuti organici biodegradabili chiusi dentro sacchetti di plastica bens\u00ec in sacchetti di carta o altri materiali biodegradabili.<\/p>\n<p>Gli utenti possono ritirare gratuitamente i sacchetti biodegradabili alla cassa dell\u2019azienda Komunala, all\u2019atto di pagamento delle bollette del servizio di trattamento dei rifiuti.<\/p>\n<p>L\u2019alternativa migliore al conferimento dei rifiuti biodegradabili nell\u2019apposito cassonetto \u00e8 il compostaggio domestico. Optando per il compostaggio domestico si possono anche ridurre le spese del servizio di trattamento dei rifiuti organici.<\/p>\n<p>\n<\/div><\/div><\/div><div class=\"kc-elm column col-12 col-md-12\"><div class=\"kc-col-container\"><div class=\"clear\"><\/div>\n<div class=\"mod-id- kc-elm kc-raw-code emigma-icon-box-outer \">\n    <div class=\"layout-grid-3\">\n            <\/div>\n<\/div>\n\n\n\n<div class=\"clear\"><\/div>\n<div class=\"kc-elm kc_text_block\"><\/p>\n<h5><strong>Scarti di cucina come:<\/strong><\/h5>\n<ul>\n<li>Residui di frutta e verdura di ogni tipo,<\/li>\n<li>Gusci d\u2019uovo,<\/li>\n<li>Fondi di caff\u00e8,<\/li>\n<li>Bustine filtro,<\/li>\n<li>Generi alimentari deteriorati,<\/li>\n<li>Residui di cibi cucinati,<\/li>\n<li>Fazzoletti di carta,<\/li>\n<li>Asciugamani e sacchetti di carta.<\/li>\n<\/ul>\n<h5><strong>Sfalci verdi (scarti di orto e giardino) in quantit\u00e0 ridotte, come:<\/strong><\/h5>\n<ul>\n<li>Ramaglie minute, potature,<\/li>\n<li>Sfalci d\u2019erba,<\/li>\n<li>Fogliame,<\/li>\n<li>Terriccio per vasi residuo,<\/li>\n<li>Fiori recisi,<\/li>\n<li>Erbacce,<\/li>\n<li>Frutta marcia,<\/li>\n<li>Strame di piccoli animali domestici erbivori,<\/li>\n<li>Cenere di legno.<\/li>\n<\/ul>\n<p>\n<\/div><\/div><\/div><div class=\"kc-elm column col-12 col-md-12\"><div class=\"kc-col-container\"><div class=\"clear\"><\/div>\n<div class=\"mod-id- kc-elm kc-raw-code emigma-icon-box-outer \">\n    <div class=\"layout-grid-3\">\n            <\/div>\n<\/div>\n\n\n\n<div class=\"clear\"><\/div>\n<div class=\"kc-elm kc_text_block\"><\/p>\n<p>\nIl cassonetto non va usato per conferirvi i rifiuti non adatti al compostaggio \u2013 cio\u00e8 i rifiuti che nell\u2019ambiente non si decompongono, che compromettono la qualit\u00e0 del compost e contengono sostanze pericolose, come:<\/p>\n<ul>\n<li>Plastica,<\/li>\n<li>Vetro,<\/li>\n<li>Metalli,<\/li>\n<li>Ceramica,<\/li>\n<li>Ossi,<\/li>\n<li>Grassi,<\/li>\n<li>Scarti di tessuti,<\/li>\n<li>Contenuto dei sacchetti degli aspirapolvere,<\/li>\n<li>Medicinali,<\/li>\n<li>Trucioli e segatura provenienti dalla lavorazione del legno,<\/li>\n<li>Escrementi di gatto e canini,<\/li>\n<li>Pannolini.<\/li>\n<\/ul>\n<p>\n<\/div><\/div><\/div><\/div><\/div><\/section><section class=\"kc-elm kc_row\"><div class=\" container\"><div class=\"row\"><div class=\"kc-elm column col-12 col-md-12\"><div class=\"kc-col-container\"><div class=\"kc-elm kc_text_block\"><\/p>\n<h3>I rifiuti organici possono essere conferiti nel composter domestico.<\/h3>\n<p>\n<\/div><div class=\"kc-elm kc_text_block\"><\/p>\n<p>\nQualora ne possediate uno, e avete provveduto a registrarlo presso l\u2019azienda Komunala di Isola, avete diritto alla riduzione delle spese di trattamento dei rifiuti organici.<\/p>\n<p>\n<\/div><\/div><\/div><\/div><\/div><\/section><section class=\"kc-elm kc_row\"><div class=\" container\"><div class=\"row\"><div class=\"kc-elm column col-12 col-md-12\"><div class=\"kc-col-container\"><div class=\"kc-elm kc_text_block\"><\/p>\n<h3>I rifiuti organici possono essere conferiti nel composter domestico.<\/h3>\n<p>\n<\/div><div class=\"kc-elm kc_text_block\"><\/p>\n<p>\nQualora ne possediate uno, e avete provveduto a registrarlo presso l\u2019azienda Komunala di Isola, avete diritto alla riduzione delle spese di trattamento dei rifiuti organici.<\/p>\n<p>\n<\/div><div class=\"kc-elm kc_accordion_wrapper\">\r\n    <div class=\"kc-elm kc_accordion_section group \"><h3 class=\"kc_accordion_header ui-accordion-header\"><a href=\"#new-accordion-tab\" data-prevent=\"scroll\"><div class=\"kc-accordion-inner-wrapper\"><span class=\"ui-accordion-header-icon ui-icon\"><\/span><i class=\"\"><\/i>  New Accordion Tab<\/div><\/a><\/h3><div class=\"kc_accordion_content ui-accordion-content kc_clearfix\"><div class=\"kc-panel-body\"><div class=\"kc-elm kc_text_block\"><\/p>\n<h5><span style=\\\"font-size: 1em; font-weight: 600; font-style: inherit;\\\">Postavitev hi\u0161nega kompostnika:<\/span><\/h5>\n<p>Za postavitev hi\u0161nega kompostnika na vrtu izberemo lahko dostopen polsen\u010den ali sen\u010den prostor, ki je zavarovan pred vetrom. Kompostnik naj ima neposreden stik s tlemi in naj bo z vseh strani primerno prezra\u010den. Postavi se ga tako, da ne povzro\u010da motenj (npr. smrada) na sosednjih zemlji\u0161\u010dih. Ta osnovna pravila so primerna za vse obi\u010dajne sisteme, tako za odprte (lesene ali \u017ei\u010dnate) ali zaprte plasti\u010dne hi\u0161ne kompostnike.<\/p>\n<h5>Tehnika pravilnega hi\u0161nega kompostiranja:<\/h5>\n<p>Hi\u0161ni kompostnik mora imeti neposreden stik s tlemi. Osnovna, spodnja plast zdrobljenih vej poskrbi za dobro zra\u010denje in prepre\u010duje zastajanje vode. Za optimalen razkrojni proces je pomemben zadosten dovod kisika, kar dose\u017eemo tako, da se suhi strukturni material (veje in zeleni obrez) in vla\u017eni nestrukturni material (trava, kuhinjski odpadki) med seboj vedno me\u0161ajo. Kuhinjske odpadke in ostanke hrane je treba takoj prekriti z listjem, zemljo, travo ali jih rahlo zagrebsti, da prepre\u010dimo neprijetne vonjave in ne privabljamo ne\u017eelenih gostov, kot so glodalci ali pti\u010di. V procesu razgradnje, ki poteka pri temperaturi od 50 \u00b0C do 60 \u00b0C, proizvajajo mikroorganizmi, bakterije in glive, humus in hranilne snovi, za kar potrebujejo zadostno vlago. V \u010dasu dalj\u0161e poletne su\u0161e je priporo\u010dljivo vla\u017eenje kompostnega kupa. Ko je hi\u0161ni kompostnik napolnjen oziroma po pribli\u017eno pol leta, njegovo vsebino prelo\u017eimo. S tem ga prezra\u010dimo in pospe\u0161imo razkroj. Dozorel kompost presejemo s sitom, z odprtinami od 15 do 20 mm, preostanek pa uporabimo kot strukturni material za nadaljnji razkroj.<\/p>\n<p>V kolikor nimate mo\u017enosti ali ne \u017eelite hi\u0161no kompostirati, te odpadke prepustite izvajalcu javne slu\u017ebe v rjavem zabojniku.<\/p>\n<p>\n<\/div><\/div><\/div><\/div><\/div>\r\n<\/div><\/div><\/div><\/div><\/section><section class=\"kc-elm kc_row\"><div class=\" container\"><div class=\"row\"><div class=\"kc-elm column col-12 col-md-12\"><div class=\"kc-col-container\"><div class=\"kc-elm kc_shortcode kc_single_image\">\n\n        <img decoding=\"async\" src=\"https:\/\/www.komunala-izola.si\/wp-content\/plugins\/kingcomposer\/assets\/images\/get_start.jpg\" class=\"kc_image_empty\" alt=\"\" \/>    <\/div>\n\n<div class=\"kc-elm kc-title-wrap \">\n\n\t<h1 class=\"kc_title\">The Title<\/h1>\n<\/div>\n<div class=\"kc-elm kc_text_block\"><\/p>\n<p>\nCassonetto per la raccolta dei rifiuti residui urbani (misti).<\/p>\n<p>\n<\/div><div class=\"kc-elm kc_text_block\"><\/p>\n<p>\nI rifiuti urbani misti sono i rifiuti urbani residui, rimasti dopo che i produttori dei rifiuti hanno provveduto a differenziare la massa dei rifiuti suddividendoli in frazioni, rifiuti ingombranti e rifiuti pericolosi.<\/p>\n<p>\n<\/div>\n<div class=\"kc-elm kc-title-wrap \">\n\n\t<h1 class=\"kc_title\">The Title<\/h1>\n<\/div>\n<div class=\"kc-elm kc_text_block\"><\/p>\n<p>\nIl cassonetto dei rifiuti residui \u00e8 destinato al conferimento dei soli rifiuti inutilizzabili e non conferibili in nessun altro dei cassonetti.<\/p>\n<p>\n<\/div><\/div><\/div><div class=\"kc-elm column col-12 col-md-12\"><div class=\"kc-col-container\"><div class=\"clear\"><\/div>\n<div class=\"mod-id- kc-elm kc-raw-code emigma-icon-box-outer \">\n    <div class=\"layout-grid-3\">\n            <\/div>\n<\/div>\n\n\n\n<div class=\"clear\"><\/div>\n<div class=\"kc-elm kc_text_block\"><\/p>\n<ul>\n<li>Prodotti per l\u2019igiene personale (assorbenti intimi, pannolini, bastoncini ovattati&#8230;),<\/li>\n<li>Sacchetti degli aspirapolvere,<\/li>\n<li>Spazzolini da denti,<\/li>\n<li>Sacchetti di plastica sporchi,<\/li>\n<li>Carta da imballo sporca,<\/li>\n<li>Carta inquinata,<\/li>\n<li>Cenere (precedentemente raffreddata),<\/li>\n<li>Nastri adesivi,<\/li>\n<li>Porcellana,<\/li>\n<li>Carta da parati.<\/li>\n<\/ul>\n<p>\n<\/div><\/div><\/div><div class=\"kc-elm column col-12 col-md-12\"><div class=\"kc-col-container\"><div class=\"clear\"><\/div>\n<div class=\"mod-id- kc-elm kc-raw-code emigma-icon-box-outer \">\n    <div class=\"layout-grid-3\">\n            <\/div>\n<\/div>\n\n\n\n<div class=\"clear\"><\/div>\n<div class=\"kc-elm kc_text_block\"><\/p>\n<ul>\n<li>Carta,<\/li>\n<li>Imballaggi,<\/li>\n<li>Rifiuti pericolosi e rifiuti ingombranti,<\/li>\n<li>Sfalci verdi provenienti da orti e giardini,<\/li>\n<li>Ramaglie,<\/li>\n<li>Rifiuti da cucina biodegradabili,<\/li>\n<li>Rifiuti da costruzione e demolizione, rifiuti particolari,<\/li>\n<li>Mozziconi, braci e ceneri ancora caldi,<\/li>\n<li>Rifiuti in stato liquido.<\/li>\n<\/ul>\n<p>Tutti i rifiuti qui citati si possono conferire come frazioni differenziate.<\/p>\n<p>\n<\/div><\/div><\/div><\/div><\/div><\/section><\/p>\n","protected":false},"excerpt":{"rendered":"","protected":false},"author":6,"featured_media":0,"parent":2927,"menu_order":0,"comment_status":"closed","ping_status":"closed","template":"page-templates\/fullwidthpage.php","meta":{"_acf_changed":false,"footnotes":""},"class_list":["post-2937","page","type-page","status-publish","hentry"],"acf":[],"_links":{"self":[{"href":"https:\/\/www.komunala-izola.si\/it\/wp-json\/wp\/v2\/pages\/2937","targetHints":{"allow":["GET"]}}],"collection":[{"href":"https:\/\/www.komunala-izola.si\/it\/wp-json\/wp\/v2\/pages"}],"about":[{"href":"https:\/\/www.komunala-izola.si\/it\/wp-json\/wp\/v2\/types\/page"}],"author":[{"embeddable":true,"href":"https:\/\/www.komunala-izola.si\/it\/wp-json\/wp\/v2\/users\/6"}],"replies":[{"embeddable":true,"href":"https:\/\/www.komunala-izola.si\/it\/wp-json\/wp\/v2\/comments?post=2937"}],"version-history":[{"count":0,"href":"https:\/\/www.komunala-izola.si\/it\/wp-json\/wp\/v2\/pages\/2937\/revisions"}],"up":[{"embeddable":true,"href":"https:\/\/www.komunala-izola.si\/it\/wp-json\/wp\/v2\/pages\/2927"}],"wp:attachment":[{"href":"https:\/\/www.komunala-izola.si\/it\/wp-json\/wp\/v2\/media?parent=2937"}],"curies":[{"name":"wp","href":"https:\/\/api.w.org\/{rel}","templated":true}]}}