{"id":2930,"date":"2019-12-17T16:09:31","date_gmt":"2019-12-17T15:09:31","guid":{"rendered":"https:\/\/www.komunala-izola.si\/dejavnosti-2-2\/zbiranje-in-odvoz-odpadkov\/center-uporabnih-predmetov-cup\/"},"modified":"2020-06-18T10:12:24","modified_gmt":"2020-06-18T08:12:24","slug":"centro-oggetti-recuperabili-cor","status":"publish","type":"page","link":"https:\/\/www.komunala-izola.si\/it\/attivita\/raccolta-e-smaltimento-dei-rifiuti\/centro-oggetti-recuperabili-cor\/","title":{"rendered":"Centro Oggetti Recuperabili &#8211; COR"},"content":{"rendered":"<p><section class=\"kc-elm kc-css-712871 kc-animated kc-animate-eff-fadeIn kc_row\"><div class=\" container  page\"><div class=\"row\"><div class=\"kc-elm kc-css-506786 col-12 col-md-12 column col-12 col-md-12 d-flex align-items-center\"><div class=\"kc-col-container\"><div class=\"clear\"><\/div>\n<div class=\"mod-id-518122 kc-elm kc-css-518122 kc-raw-code emigma-icon-box-outer \">\n    <div class=\"layout-grid-4\">\n                                <a target=\"\" href=\"https:\/\/www.komunala-izola.si\/it\/attivita\/raccolta-e-smaltimento-delle-frazioni-differenziate-di-rifiuti\/\" class=\"item d-flex flex-row text-left\">\n                                    <div class=\"item-icon pr-2\">\n                        <?xml version=\"1.0\" encoding=\"UTF-8\"?>\r\n<svg xmlns=\"http:\/\/www.w3.org\/2000\/svg\" width=\"46\" height=\"46\" viewBox=\"0 0 46 46\">\r\n  <g id=\"Group_624\" data-name=\"Group 624\" transform=\"translate(523 -2025.436)\">\r\n    <path id=\"Rectangle_520\" data-name=\"Rectangle 520\" d=\"M15,0H31A15,15,0,0,1,46,15V46a0,0,0,0,1,0,0H15A15,15,0,0,1,0,31V15A15,15,0,0,1,15,0Z\" transform=\"translate(-523 2025.436)\" fill=\"#bdcf00\"\/>\r\n    <path id=\"ic_delete_forever_24px\" d=\"M6.058,19.923a2.122,2.122,0,0,0,2.115,2.115h8.462a2.122,2.122,0,0,0,2.115-2.115V7.231H6.058ZM16.106,4.058,15.048,3H9.76L8.7,4.058H5V6.173H19.808V4.058Z\" transform=\"translate(-512.283 2036.384)\" fill=\"#009845\"\/>\r\n  <\/g>\r\n<\/svg>\r\n                    <\/div>\n                                <div class=\"item-content\">\n                                            <span>Raccolta e smaltimento delle frazioni differenziate di rifiuti<\/span>                                                        <\/div>\n            <\/a>\n                                            <a target=\"\" href=\"https:\/\/www.komunala-izola.si\/it\/attivita\/raccolta-e-smaltimento-dei-rifiuti\/centro-di-raccolta\/\" class=\"item d-flex flex-row text-left\">\n                                    <div class=\"item-icon pr-2\">\n                        <?xml version=\"1.0\" encoding=\"UTF-8\"?>\r\n<svg xmlns=\"http:\/\/www.w3.org\/2000\/svg\" width=\"46\" height=\"46\" viewBox=\"0 0 46 46\">\r\n  <g id=\"Group_624\" data-name=\"Group 624\" transform=\"translate(523 -2025.436)\">\r\n    <path id=\"Rectangle_520\" data-name=\"Rectangle 520\" d=\"M15,0H31A15,15,0,0,1,46,15V46a0,0,0,0,1,0,0H15A15,15,0,0,1,0,31V15A15,15,0,0,1,15,0Z\" transform=\"translate(-523 2025.436)\" fill=\"#bdcf00\"\/>\r\n    <path id=\"ic_delete_forever_24px\" d=\"M6.058,19.923a2.122,2.122,0,0,0,2.115,2.115h8.462a2.122,2.122,0,0,0,2.115-2.115V7.231H6.058ZM16.106,4.058,15.048,3H9.76L8.7,4.058H5V6.173H19.808V4.058Z\" transform=\"translate(-512.283 2036.384)\" fill=\"#009845\"\/>\r\n  <\/g>\r\n<\/svg>\r\n                    <\/div>\n                                <div class=\"item-content\">\n                                            <span>Centro di raccolta<\/span>                                                        <\/div>\n            <\/a>\n                                            <a target=\"\" href=\"https:\/\/www.komunala-izola.si\/it\/attivita\/raccolta-e-smaltimento-dei-rifiuti\/centro-oggetti-recuperabili-cor\/\" class=\"item d-flex flex-row text-left\">\n                                    <div class=\"item-icon pr-2\">\n                        <?xml version=\"1.0\" encoding=\"UTF-8\"?>\r\n<svg xmlns=\"http:\/\/www.w3.org\/2000\/svg\" width=\"46\" height=\"46\" viewBox=\"0 0 46 46\">\r\n  <g id=\"Group_624\" data-name=\"Group 624\" transform=\"translate(523 -2025.436)\">\r\n    <path id=\"Rectangle_520\" data-name=\"Rectangle 520\" d=\"M15,0H31A15,15,0,0,1,46,15V46a0,0,0,0,1,0,0H15A15,15,0,0,1,0,31V15A15,15,0,0,1,15,0Z\" transform=\"translate(-523 2025.436)\" fill=\"#bdcf00\"\/>\r\n    <path id=\"ic_delete_forever_24px\" d=\"M6.058,19.923a2.122,2.122,0,0,0,2.115,2.115h8.462a2.122,2.122,0,0,0,2.115-2.115V7.231H6.058ZM16.106,4.058,15.048,3H9.76L8.7,4.058H5V6.173H19.808V4.058Z\" transform=\"translate(-512.283 2036.384)\" fill=\"#009845\"\/>\r\n  <\/g>\r\n<\/svg>\r\n                    <\/div>\n                                <div class=\"item-content\">\n                                            <span>Centro Oggetti Recuperabili<\/span>                                                        <\/div>\n            <\/a>\n                                            <a target=\"\" href=\"https:\/\/www.komunala-izola.si\/it\/attivita\/raccolta-e-smaltimento-dei-rifiuti\/trattamento-dei-rifiuti-da-costruzione-e-demolizione-ctrcd\/\" class=\"item d-flex flex-row text-left\">\n                                    <div class=\"item-icon pr-2\">\n                        <?xml version=\"1.0\" encoding=\"UTF-8\"?>\r\n<svg xmlns=\"http:\/\/www.w3.org\/2000\/svg\" width=\"46\" height=\"46\" viewBox=\"0 0 46 46\">\r\n  <g id=\"Group_624\" data-name=\"Group 624\" transform=\"translate(523 -2025.436)\">\r\n    <path id=\"Rectangle_520\" data-name=\"Rectangle 520\" d=\"M15,0H31A15,15,0,0,1,46,15V46a0,0,0,0,1,0,0H15A15,15,0,0,1,0,31V15A15,15,0,0,1,15,0Z\" transform=\"translate(-523 2025.436)\" fill=\"#bdcf00\"\/>\r\n    <path id=\"ic_delete_forever_24px\" d=\"M6.058,19.923a2.122,2.122,0,0,0,2.115,2.115h8.462a2.122,2.122,0,0,0,2.115-2.115V7.231H6.058ZM16.106,4.058,15.048,3H9.76L8.7,4.058H5V6.173H19.808V4.058Z\" transform=\"translate(-512.283 2036.384)\" fill=\"#009845\"\/>\r\n  <\/g>\r\n<\/svg>\r\n                    <\/div>\n                                <div class=\"item-content\">\n                                            <span>Trattamento dei rifiuti da costruzione e demolizione<\/span>                                                        <\/div>\n            <\/a>\n                        <\/div>\n<\/div>\n\n\n\n<div class=\"clear\"><\/div>\n<\/div><\/div><\/div><\/div><\/section><section class=\"kc-elm kc-css-157463 kc_row\"><div class=\" container\"><div class=\"row\"><div class=\"kc-elm kc-css-446399 col-12 col-md-8 column col-12 col-md-8\"><div class=\"kc-col-container\"><div class=\"kc-elm kc-css-710464 kc_text_block\"><\/p>\n<h5>Conformemente al principio di riduzione dei rifiuti e di recupero degli oggetti ancora utilizzabili, nel 2015 \u00e8 stato allestito presso il centro di raccolta dell\u2019azienda Komunala di Isola il Centro Oggetti Recuperabili che abbiamo denominato \u201cUsato come nuovo\u201d.<\/h5>\n<p>\n<\/div><div class=\"kc-elm kc-css-3140 row\"><div class=\"kc-elm kc-css-985407 col-12 col-sm-4 column_inner col-12 col-sm-4\"><div class=\"kc_wrapper kc-col-inner-container\"><div class=\"kc-elm kc-css-535040 kc_shortcode kc_single_image\">\n\n        <img decoding=\"async\" src=\"https:\/\/www.komunala-izola.si\/wp-content\/uploads\/2020\/06\/oldradio.png\" class=\"\" alt=\"\" \/>    <\/div>\n<\/div><\/div><div class=\"kc-elm kc-css-630264 col-12 col-sm-8 column_inner col-12 col-sm-8 d-flex align-items-center\"><div class=\"kc_wrapper kc-col-inner-container\"><div class=\"kc-elm kc-css-694964 kc_text_block\"><\/p>\n<h3>Leggi di pi\u00f9<\/h3>\n<p>\n<\/div>\n<div class=\"kc-elm kc-css-277121\">\n\t<a class=\"kc_button btn btn-primary\" href=\"http:\/\/www.ponovnouporabi.si\/it\" target=\"_blank\" title=\"\" onclick=\"\" rel=\"noopener\">\n\t\tVisita il sito web\t<\/a>\n<\/div>\n<\/div><\/div><\/div><div class=\"kc-elm kc-css-653455 kc_text_block\"><\/p>\n<p>Il concetto del Centro si basa sulla promozione del riutilizzo degli oggetti e sulla riduzione della spesso eccessiva tendenza al consumismo e alla conseguente produzione di quantit\u00e0 eccessive di rifiuti. Nel desiderio di trovare agli oggetti ancora utilizzabili una nuova destinazione e di rieducare, a lungo andare, gli individui ad un comportamento pi\u00f9 responsabile per quanto riguarda la gestione dei rifiuti, l\u2019azienda ha impostato il sistema di ritiro gratuito degli oggetti recuperabili sia per i cittadini di Isola che per gli altri visitatori dei Centro.<\/p>\n<p>Al Centro Oggetti Recuperabili allestito presso il centro di raccolta \u00e8 stata aggiunta una nuova unit\u00e0, il cosiddetto \u201cCOR in citt\u00e0\u201d, inaugurato nel maggio del 2019 e ubicato in Via Luka Muzec n. 7. Abbiamo raggiunto con ci\u00f2 il traguardo che ci eravamo preposti e cio\u00e8 quello di avvicinare il pi\u00f9 possibile ai cittadini in centro di scambio.<\/p>\n<p>Il COR in citt\u00e0 \u00e8 stato allestito nell\u2019ambito del progetto di \u201cTrasferimento delle buone pratiche di riduzione dei rifiuti con metodi innovativi ed ecocompatibili\u201d, promosso dal GAL Istria e cofinanziato dal Ministero per lo sviluppo economico e le tecnologie e dal Fondo europeo per lo sviluppo regionale.<\/p>\n<p>Oltre a rappresentare uno dei passi pi\u00f9 importanti verso la riduzione delle quantit\u00e0 di rifiuti, il reimpiego degli oggetti contribuisce in modo significativo all\u2019integrazione sociale delle persone meno abbienti.<\/p>\n<p>\n<\/div><div class=\"kc-image-gallery kc-elm kc-css-142251\">\n<div class=\"kc_image_gallery kc-carousel-image kc-grid  gallery-columns-3\">\n                    <figure class=\"gallery-item m-0\">\n                        <div class=\"gallery-icon landscape\">\n                            <a href=\"https:\/\/www.komunala-izola.si\/wp-content\/uploads\/2020\/02\/CUP-zbirni-notranjost.jpg\" data-caption=\"????????????????????????????????????\" data-fancybox=\"gallery-5381109\">\n                                <img decoding=\"async\" src=\"https:\/\/www.komunala-izola.si\/wp-content\/uploads\/2020\/02\/CUP-zbirni-notranjost.jpg\" alt=\"\">                             <\/a>\n                        <\/div>\n                    <\/figure>\n\t\t\t\t                        <figure class=\"gallery-item m-0\">\n                        <div class=\"gallery-icon landscape\">\n                            <a href=\"https:\/\/www.komunala-izola.si\/wp-content\/uploads\/2020\/02\/CUP-na-zbirnem-centru-zunanjost-scaled.jpg\" data-caption=\"\" data-fancybox=\"gallery-5381109\">\n                                <img decoding=\"async\" src=\"https:\/\/www.komunala-izola.si\/wp-content\/uploads\/2020\/02\/CUP-na-zbirnem-centru-zunanjost-scaled.jpg\" alt=\"\">                             <\/a>\n                        <\/div>\n                    <\/figure>\n\t\t\t\t                        <figure class=\"gallery-item m-0\">\n                        <div class=\"gallery-icon landscape\">\n                            <a href=\"https:\/\/www.komunala-izola.si\/wp-content\/uploads\/2020\/02\/CUP-Muzceva-3-scaled.jpg\" data-caption=\"\" data-fancybox=\"gallery-5381109\">\n                                <img decoding=\"async\" src=\"https:\/\/www.komunala-izola.si\/wp-content\/uploads\/2020\/02\/CUP-Muzceva-3-scaled.jpg\" alt=\"\">                             <\/a>\n                        <\/div>\n                    <\/figure>\n\t\t\t\t                        <figure class=\"gallery-item m-0\">\n                        <div class=\"gallery-icon landscape\">\n                            <a href=\"https:\/\/www.komunala-izola.si\/wp-content\/uploads\/2020\/02\/CUP-Muzceva-2-scaled.jpg\" data-caption=\"\" data-fancybox=\"gallery-5381109\">\n                                <img decoding=\"async\" src=\"https:\/\/www.komunala-izola.si\/wp-content\/uploads\/2020\/02\/CUP-Muzceva-2-scaled.jpg\" alt=\"\">                             <\/a>\n                        <\/div>\n                    <\/figure>\n\t\t\t\t                        <figure class=\"gallery-item m-0\">\n                        <div class=\"gallery-icon landscape\">\n                            <a href=\"https:\/\/www.komunala-izola.si\/wp-content\/uploads\/2020\/02\/CUP-Muzceva-1-scaled.jpg\" data-caption=\"\" data-fancybox=\"gallery-5381109\">\n                                <img decoding=\"async\" src=\"https:\/\/www.komunala-izola.si\/wp-content\/uploads\/2020\/02\/CUP-Muzceva-1-scaled.jpg\" alt=\"\">                             <\/a>\n                        <\/div>\n                    <\/figure>\n\t\t\t\t    <\/div>\n<\/div><div class=\"kc-elm kc-css-121346 kc_text_block\"><\/p>\n<p>&nbsp;<\/p>\n<p>\n<\/div><\/div><\/div><div class=\"kc-elm kc-css-765359 col-12 col-md-4 column col-12 col-md-4\"><div class=\"kc-col-container\">\n<div class=\"kc-elm kc-css-165043 kc-title-wrap \">\n\n\t<h2 class=\"kc_title\">Contatti<\/h2>\n<\/div>\n\n<div class=\"kc-elm kc-css-220762 kc-title-wrap \">\n\n\t<h2 class=\"kc_title\">Unit\u00e0 COR \u201cUsato come nuovo\u201d (Centro di raccolta Isola)<\/h2>\n<\/div>\n\n<div class=\"kc-elm kc-css-212514 kc-title-wrap \">\n\n\t<h2 class=\"kc_title\">Telefono<\/h2>\n<\/div>\n<div class=\"kc-elm kc-css-720567 kc_text_block\"><\/p>\n<p>05 \/ 66 34 928<\/p>\n<p>\n<\/div>\n<div class=\"kc-elm kc-css-497239 kc-title-wrap \">\n\n\t<h2 class=\"kc_title\">Indirizzo e-mail<\/h2>\n<\/div>\n<div class=\"kc-elm kc-css-601861 kc_text_block\"><\/p>\n<p><a href=\"mailto:cup@komunala-izola.si\">cup@komunala-izola.si<\/a><\/p>\n<p>\n<\/div>\n<div class=\"kc-elm kc-css-290444 kc-title-wrap \">\n\n\t<h2 class=\"kc_title\">Unit\u00e0 \u201cCOR in citt\u00e0\u201d - Via Luka Muzec n. 7<\/h2>\n<\/div>\n\n<div class=\"kc-elm kc-css-902409 kc-title-wrap \">\n\n\t<h2 class=\"kc_title\">Telefono<\/h2>\n<\/div>\n<div class=\"kc-elm kc-css-492230 kc_text_block\"><\/p>\n<p>05 \/ 93 40 730<br \/>\n030 \/ 601 155<\/p>\n<p>\n<\/div>\n<div class=\"kc-elm kc-css-659074 kc-title-wrap \">\n\n\t<h2 class=\"kc_title\">Sito web<\/h2>\n<\/div>\n<div class=\"kc-elm kc-css-214658 kc_text_block\"><\/p>\n<p><a href=\"https:\/\/www.ponovnouporabi.si\/it\" target=\"_blank\" rel=\"noopener\">www.ponovnouporabi.si<\/a><\/p>\n<p>\n<\/div>\n<div class=\"kc-elm kc-css-582941 kc-title-wrap \">\n\n\t<h2 class=\"kc_title\">Indirizzo e-mail<\/h2>\n<\/div>\n<div class=\"kc-elm kc-css-6089 kc_text_block\"><\/p>\n<p><a href=\"mailto:cup@komunala-izola.si\">cup@komunala-izola.si<\/a><\/p>\n<p>\n<\/div>\n<div class=\"kc-elm kc-css-419990 kc-title-wrap \">\n\n\t<h2 class=\"kc_title\">Orario per il pubblico<\/h2>\n<\/div>\n\n<div class=\"kc-elm kc-css-148417 kc-title-wrap \">\n\n\t<h2 class=\"kc_title\">Unit\u00e0 COR \u201cUsato come nuovo\u201d (Centro di raccolta Isola)<\/h2>\n<\/div>\n<div class=\"kc-elm kc-css-782153 kc_text_block\"><\/p>\n<p>Da luned\u00ec a venerd\u00ec dalle ore 8.00 alle 15.00<\/p>\n<div><\/div>\n<p>\n<\/div>\n<div class=\"kc-elm kc-css-387766 kc-title-wrap \">\n\n\t<h2 class=\"kc_title\">Unit\u00e0 \u201cCOR in citt\u00e0\u201d - Via Luka Muzec n. 7<\/h2>\n<\/div>\n<div class=\"kc-elm kc-css-600080 kc_text_block\"><\/p>\n<p>Luned\u00ec e gioved\u00ec dalle ore 14.00 alle 18.00<br \/>\nMarted\u00ec, mercoled\u00ec e venerd\u00ec dalle ore 9.00 alle 13.00<\/p>\n<p>\n<\/div><\/div><\/div><\/div><\/div><\/section><\/p>\n","protected":false},"excerpt":{"rendered":"","protected":false},"author":6,"featured_media":0,"parent":2927,"menu_order":0,"comment_status":"closed","ping_status":"closed","template":"page-templates\/fullwidthpage.php","meta":{"_acf_changed":false,"footnotes":""},"class_list":["post-2930","page","type-page","status-publish","hentry"],"acf":[],"_links":{"self":[{"href":"https:\/\/www.komunala-izola.si\/it\/wp-json\/wp\/v2\/pages\/2930","targetHints":{"allow":["GET"]}}],"collection":[{"href":"https:\/\/www.komunala-izola.si\/it\/wp-json\/wp\/v2\/pages"}],"about":[{"href":"https:\/\/www.komunala-izola.si\/it\/wp-json\/wp\/v2\/types\/page"}],"author":[{"embeddable":true,"href":"https:\/\/www.komunala-izola.si\/it\/wp-json\/wp\/v2\/users\/6"}],"replies":[{"embeddable":true,"href":"https:\/\/www.komunala-izola.si\/it\/wp-json\/wp\/v2\/comments?post=2930"}],"version-history":[{"count":0,"href":"https:\/\/www.komunala-izola.si\/it\/wp-json\/wp\/v2\/pages\/2930\/revisions"}],"up":[{"embeddable":true,"href":"https:\/\/www.komunala-izola.si\/it\/wp-json\/wp\/v2\/pages\/2927"}],"wp:attachment":[{"href":"https:\/\/www.komunala-izola.si\/it\/wp-json\/wp\/v2\/media?parent=2930"}],"curies":[{"name":"wp","href":"https:\/\/api.w.org\/{rel}","templated":true}]}}