{"id":2927,"date":"2019-12-17T16:08:23","date_gmt":"2019-12-17T15:08:23","guid":{"rendered":"https:\/\/www.komunala-izola.si\/dejavnosti-2-2\/zbiranje-in-odvoz-odpadkov\/"},"modified":"2026-03-24T12:23:11","modified_gmt":"2026-03-24T11:23:11","slug":"raccolta-e-smaltimento-dei-rifiuti","status":"publish","type":"page","link":"https:\/\/www.komunala-izola.si\/it\/attivita\/raccolta-e-smaltimento-dei-rifiuti\/","title":{"rendered":"Raccolta e smaltimento dei rifiuti"},"content":{"rendered":"<p><section class=\"kc-elm kc-css-447154 kc-animated kc-animate-eff-fadeIn kc_row\"><div class=\" container  page\"><div class=\"row\"><div class=\"kc-elm kc-css-475562 col-12 col-md-12 column col-12 col-md-12 d-flex align-items-center\"><div class=\"kc-col-container\"><div class=\"clear\"><\/div>\n<div class=\"mod-id-793355 kc-elm kc-css-793355 kc-raw-code emigma-icon-box-outer \">\n    <div class=\"layout-grid-4\">\n                                <a target=\"\" href=\"https:\/\/www.komunala-izola.si\/it\/attivita\/raccolta-e-smaltimento-delle-frazioni-differenziate-di-rifiuti\/\" class=\"item d-flex flex-row text-center\">\n                                    <div class=\"item-icon pr-2\">\n                        <?xml version=\"1.0\" encoding=\"UTF-8\"?>\r\n<svg xmlns=\"http:\/\/www.w3.org\/2000\/svg\" width=\"46\" height=\"46\" viewBox=\"0 0 46 46\">\r\n  <g id=\"Group_624\" data-name=\"Group 624\" transform=\"translate(523 -2025.436)\">\r\n    <path id=\"Rectangle_520\" data-name=\"Rectangle 520\" d=\"M15,0H31A15,15,0,0,1,46,15V46a0,0,0,0,1,0,0H15A15,15,0,0,1,0,31V15A15,15,0,0,1,15,0Z\" transform=\"translate(-523 2025.436)\" fill=\"#bdcf00\"\/>\r\n    <path id=\"ic_delete_forever_24px\" d=\"M6.058,19.923a2.122,2.122,0,0,0,2.115,2.115h8.462a2.122,2.122,0,0,0,2.115-2.115V7.231H6.058ZM16.106,4.058,15.048,3H9.76L8.7,4.058H5V6.173H19.808V4.058Z\" transform=\"translate(-512.283 2036.384)\" fill=\"#009845\"\/>\r\n  <\/g>\r\n<\/svg>\r\n                    <\/div>\n                                <div class=\"item-content\">\n                                            <span>RACCOLTA DIFFERENZIATA DEI RIFIUTI<\/span>                                                        <\/div>\n            <\/a>\n                                            <a target=\"\" href=\"https:\/\/www.komunala-izola.si\/it\/attivita\/raccolta-e-smaltimento-dei-rifiuti\/centro-di-raccolta\/\" class=\"item d-flex flex-row text-center\">\n                                    <div class=\"item-icon pr-2\">\n                        <?xml version=\"1.0\" encoding=\"UTF-8\"?>\r\n<svg xmlns=\"http:\/\/www.w3.org\/2000\/svg\" width=\"46\" height=\"46\" viewBox=\"0 0 46 46\">\r\n  <g id=\"Group_624\" data-name=\"Group 624\" transform=\"translate(523 -2025.436)\">\r\n    <path id=\"Rectangle_520\" data-name=\"Rectangle 520\" d=\"M15,0H31A15,15,0,0,1,46,15V46a0,0,0,0,1,0,0H15A15,15,0,0,1,0,31V15A15,15,0,0,1,15,0Z\" transform=\"translate(-523 2025.436)\" fill=\"#bdcf00\"\/>\r\n    <path id=\"ic_delete_forever_24px\" d=\"M6.058,19.923a2.122,2.122,0,0,0,2.115,2.115h8.462a2.122,2.122,0,0,0,2.115-2.115V7.231H6.058ZM16.106,4.058,15.048,3H9.76L8.7,4.058H5V6.173H19.808V4.058Z\" transform=\"translate(-512.283 2036.384)\" fill=\"#009845\"\/>\r\n  <\/g>\r\n<\/svg>\r\n                    <\/div>\n                                <div class=\"item-content\">\n                                            <span>CENTRO DI RACCOLTA<\/span>                                                        <\/div>\n            <\/a>\n                                            <a target=\"\" href=\"https:\/\/www.komunala-izola.si\/it\/attivita\/raccolta-e-smaltimento-dei-rifiuti\/trattamento-dei-rifiuti-da-costruzione-e-demolizione-ctrcd\/\" class=\"item d-flex flex-row text-center\">\n                                    <div class=\"item-icon pr-2\">\n                        <?xml version=\"1.0\" encoding=\"UTF-8\"?>\r\n<svg xmlns=\"http:\/\/www.w3.org\/2000\/svg\" width=\"46\" height=\"46\" viewBox=\"0 0 46 46\">\r\n  <g id=\"Group_624\" data-name=\"Group 624\" transform=\"translate(523 -2025.436)\">\r\n    <path id=\"Rectangle_520\" data-name=\"Rectangle 520\" d=\"M15,0H31A15,15,0,0,1,46,15V46a0,0,0,0,1,0,0H15A15,15,0,0,1,0,31V15A15,15,0,0,1,15,0Z\" transform=\"translate(-523 2025.436)\" fill=\"#bdcf00\"\/>\r\n    <path id=\"ic_delete_forever_24px\" d=\"M6.058,19.923a2.122,2.122,0,0,0,2.115,2.115h8.462a2.122,2.122,0,0,0,2.115-2.115V7.231H6.058ZM16.106,4.058,15.048,3H9.76L8.7,4.058H5V6.173H19.808V4.058Z\" transform=\"translate(-512.283 2036.384)\" fill=\"#009845\"\/>\r\n  <\/g>\r\n<\/svg>\r\n                    <\/div>\n                                <div class=\"item-content\">\n                                            <span>TRATTAMENTO DEI RIFIUTI DA COSTRUZIONE E DEMOLIZIONE (CTRCD)<\/span>                                                        <\/div>\n            <\/a>\n                                            <a target=\"\" href=\"https:\/\/www.komunala-izola.si\/it\/attivita\/raccolta-e-smaltimento-dei-rifiuti\/centro-oggetti-recuperabili-cor\/\" class=\"item d-flex flex-row text-center\">\n                                    <div class=\"item-icon pr-2\">\n                        <?xml version=\"1.0\" encoding=\"UTF-8\"?>\r\n<svg xmlns=\"http:\/\/www.w3.org\/2000\/svg\" width=\"46\" height=\"46\" viewBox=\"0 0 46 46\">\r\n  <g id=\"Group_624\" data-name=\"Group 624\" transform=\"translate(523 -2025.436)\">\r\n    <path id=\"Rectangle_520\" data-name=\"Rectangle 520\" d=\"M15,0H31A15,15,0,0,1,46,15V46a0,0,0,0,1,0,0H15A15,15,0,0,1,0,31V15A15,15,0,0,1,15,0Z\" transform=\"translate(-523 2025.436)\" fill=\"#bdcf00\"\/>\r\n    <path id=\"ic_delete_forever_24px\" d=\"M6.058,19.923a2.122,2.122,0,0,0,2.115,2.115h8.462a2.122,2.122,0,0,0,2.115-2.115V7.231H6.058ZM16.106,4.058,15.048,3H9.76L8.7,4.058H5V6.173H19.808V4.058Z\" transform=\"translate(-512.283 2036.384)\" fill=\"#009845\"\/>\r\n  <\/g>\r\n<\/svg>\r\n                    <\/div>\n                                <div class=\"item-content\">\n                                            <span>CENTRO OGGETTI RECUPERABILI<\/span>                                                        <\/div>\n            <\/a>\n                        <\/div>\n<\/div>\n\n\n\n<div class=\"clear\"><\/div>\n<\/div><\/div><\/div><\/div><\/section><section class=\"kc-elm kc-css-956984 kc_row\"><div class=\" container\"><div class=\"row\"><div class=\"kc-elm kc-css-421140 col-12 col-md-8 column col-12 col-md-8\"><div class=\"kc-col-container\"><div class=\"kc-elm kc-css-276225 kc_text_block\"><\/p>\n<h4>L\u2019attivit\u00e0 di raccolta e smaltimento dei rifiuti viene esercitata sull\u2019intero territorio del comune di Isola.<\/h4>\n<p>Sono inclusi nel sistema di raccolta e smaltimento dei rifiuti tutti i nuclei familiari nonch\u00e9 le entit\u00e0 esercitanti attivit\u00e0 di natura economica o non economica, come pure le istituzioni e le imprese artigiane operanti nel comune di Isola.<\/p>\n<p>L\u2019azienda Komunala di Isola non solo si occupa della raccolta e dello smaltimento dei rifiuti, ma si dedica con particolare attenzione alla differenziazione dei rifiuti gi\u00e0 alla fonte, con l\u2019obiettivo di massimizzare le quantit\u00e0 raccolte delle frazioni differenziate di rifiuti, per poi cederle in recupero ai soggetti preposti al ritiro delle stesse.<\/p>\n<p>Il tasso dei rifiuti differenziati raccolti \u00e8 in costante aumento. I traguardi raggiunti sono il risultato di svariate attivit\u00e0 nel settore del trattamento dei rifiuti. \u00c8 incluso nel sistema ogni singolo individuo, con l\u2019obiettivo di ridurre per quanto possibile &#8211; mediante varie iniziative e progetti mirati alla sensibilizzazione e all\u2019educazione dell\u2019utenza &#8211; la quantit\u00e0 dei rifiuti non correttamente depositati, i.e. abbandonati nell\u2019ambiente.<\/p>\n<p>Siamo consapevoli che curare l\u2019ambiente e convincere l\u2019utenza ad abbandonare le cattive abitudini sono un processo di lungo respiro; ecco perch\u00e9 il sistema di raccolta e smaltimento dei rifiuti viene modificato e integrato in funzione del livello di informazione e del grado di responsabilizzazione dei nostri utenti.<\/p>\n<p>\n<\/div><div class=\"kc-image-gallery kc-elm kc-css-484323\">\n<div class=\"kc_image_gallery kc-carousel-image kc-grid  gallery-columns-2\">\n                    <figure class=\"gallery-item m-0\">\n                        <div class=\"gallery-icon landscape\">\n                            <a href=\"https:\/\/www.komunala-izola.si\/wp-content\/uploads\/2020\/01\/Zbirni_nova.png\"\n                               data-caption=\"\"\n                               data-fancybox=\"gallery-10704173\">\n                                <img decoding=\"async\" src=\"https:\/\/www.komunala-izola.si\/wp-content\/uploads\/2020\/01\/Zbirni_nova.png\" alt=\"\">                             <\/a>\n                        <\/div>\n                    <\/figure>\n\t\t\t\t                        <figure class=\"gallery-item m-0\">\n                        <div class=\"gallery-icon landscape\">\n                            <a href=\"https:\/\/www.komunala-izola.si\/wp-content\/uploads\/2020\/01\/komunala0140.jpg\"\n                               data-caption=\"\"\n                               data-fancybox=\"gallery-10704173\">\n                                <img decoding=\"async\" src=\"https:\/\/www.komunala-izola.si\/wp-content\/uploads\/2020\/01\/komunala0140.jpg\" alt=\"\">                             <\/a>\n                        <\/div>\n                    <\/figure>\n\t\t\t\t    <\/div>\n<\/div><\/div><\/div><div class=\"kc-elm kc-css-417280 col-12 col-md-4 column col-12 col-md-4\"><div class=\"kc-col-container\">\n<div class=\"kc-elm kc-css-69714 kc-animated kc-animate-eff-shake\">\n\t<a class=\"kc_button btn btn-primary\" href=\"https:\/\/www.komunala-izola.si\/it\/contenitore-ritiro-gratuito\/\" target=\"_blank\" title=\"\" onclick=\"\">\n\t\tRichiedi il contenitore o il ritiro gratuito\t<\/a>\n<\/div>\n\n<div class=\"kc-elm kc-css-496108 divider_line\">\n\t<div class=\"divider_inner divider_line2\">\n\t\t<i class=\"sl-info\"><\/i>\t<\/div>\n<\/div>\n\n<div class=\"kc-elm kc-css-290093 kc-title-wrap \">\n\n\t<h1 class=\"kc_title\">Contatti del servizio per l\u2019ecologia e la gestione dei rifiuti<\/h1>\n<\/div>\n\n<div class=\"kc-elm kc-css-245202 kc-title-wrap \">\n\n\t<h1 class=\"kc_title\">Telefono<\/h1>\n<\/div>\n<div class=\"kc-elm kc-css-762697 kc_text_block\"><\/p>\n<p><b><br \/><span class=\"x1xsqp64 xiy17q3 x1o6pynw x19co3pv xdj266r xjn30re xat24cr x1hb08if x2b8uid\" data-testid=\"emoji\"><span class=\"xexx8yu xcaqkgz x18d9i69 xbwkkl7 x3jgonx x1bhl96m\">\ud83d\udcde <\/span><\/span>05\/ 66 34 971<\/b><span style=\"font-style: inherit;\"> &#8211; persone fisiche<\/span><\/p>\n<p><span style=\"font-style: inherit;\"><b><span class=\"x1xsqp64 xiy17q3 x1o6pynw x19co3pv xdj266r xjn30re xat24cr x1hb08if x2b8uid\" data-testid=\"emoji\"><span class=\"xexx8yu xcaqkgz x18d9i69 xbwkkl7 x3jgonx x1bhl96m\">\ud83d\udcde <\/span><\/span>05\/ 90 91 320<\/b> &#8211; soggetti giuridici<\/span><\/p>\n<p><span style=\"font-style: inherit;\"><b><span class=\"x1xsqp64 xiy17q3 x1o6pynw x19co3pv xdj266r xjn30re xat24cr x1hb08if x2b8uid\" data-testid=\"emoji\"><span class=\"xexx8yu xcaqkgz x18d9i69 xbwkkl7 x3jgonx x1bhl96m\">\ud83d\udcde <\/span><\/span>05\/ 66 34 936 <\/b>&#8211; richieste per il <strong>ritiro gratuito<\/strong> dei rifiuti ingombranti o delle potature<\/span><\/p>\n<p>\n<\/div>\n<div class=\"kc-elm kc-css-500085 kc-title-wrap \">\n\n\t<h2 class=\"kc_title\">Indirizzo e-mail<\/h2>\n<\/div>\n<div class=\"kc-elm kc-css-468789 kc_text_block\"><\/p>\n<p>\n<a href=\"mailto:odvozi@komunala-izola.si\">odvozi@komunala-izola.si<\/a><\/p>\n<p>\n<\/div>\n<div class=\"kc-elm kc-css-350921 kc-title-wrap \">\n\n\t<h2 class=\"kc_title\">Orario per il pubblico<\/h2>\n<\/div>\n<div class=\"kc-elm kc-css-25530 kc_text_block\"><\/p>\n<p>Luned\u00ec, mercoled\u00ec e venerd\u00ec dalle ore 8.00 alle 10.00 e dalle 10.30 alle 12.00<\/p>\n<p>\n<\/div><div class=\"kc-elm kc-css-137513 kc_text_block\"><\/p>\n<h1><\/h1>\n<p>\n<\/div>\n<div class=\"kc-elm kc-css-369547 kc-title-wrap \">\n\n\t<h2 class=\"kc_title\">Trattamento corretto dei rifiuti urbani<\/h2>\n<\/div>\n\n<div class=\"kc-elm kc-css-488567\">\n\t<a class=\"kc_button btn btn-primary\" href=\"https:\/\/www.komunala-izola.si\/wp-content\/uploads\/2026\/03\/WEB_KomIzola_SloIt_2026.pdf\" target=\"_blank\" title=\"\" onclick=\"\">\n\t\tScarica l\u2019opuscolo\t<\/a>\n<\/div>\n<\/div><\/div><\/div><\/div><\/section><section class=\"kc-elm kc-css-331655 kc_row\"><div class=\" container\"><div class=\"row\"><div class=\"kc-elm kc-css-101725 col-12 col-md-8 column col-12 col-md-8\"><div class=\"kc-col-container\"><\/div><\/div><div class=\"kc-elm kc-css-217015 col-12 col-md-4 column col-12 col-md-4\"><div class=\"kc-col-container\"><\/div><\/div><\/div><\/div><\/section><\/p>\n","protected":false},"excerpt":{"rendered":"","protected":false},"author":6,"featured_media":0,"parent":2859,"menu_order":0,"comment_status":"closed","ping_status":"closed","template":"page-templates\/fullwidthpage.php","meta":{"_acf_changed":false,"footnotes":""},"class_list":["post-2927","page","type-page","status-publish","hentry"],"acf":[],"_links":{"self":[{"href":"https:\/\/www.komunala-izola.si\/it\/wp-json\/wp\/v2\/pages\/2927","targetHints":{"allow":["GET"]}}],"collection":[{"href":"https:\/\/www.komunala-izola.si\/it\/wp-json\/wp\/v2\/pages"}],"about":[{"href":"https:\/\/www.komunala-izola.si\/it\/wp-json\/wp\/v2\/types\/page"}],"author":[{"embeddable":true,"href":"https:\/\/www.komunala-izola.si\/it\/wp-json\/wp\/v2\/users\/6"}],"replies":[{"embeddable":true,"href":"https:\/\/www.komunala-izola.si\/it\/wp-json\/wp\/v2\/comments?post=2927"}],"version-history":[{"count":4,"href":"https:\/\/www.komunala-izola.si\/it\/wp-json\/wp\/v2\/pages\/2927\/revisions"}],"predecessor-version":[{"id":12704,"href":"https:\/\/www.komunala-izola.si\/it\/wp-json\/wp\/v2\/pages\/2927\/revisions\/12704"}],"up":[{"embeddable":true,"href":"https:\/\/www.komunala-izola.si\/it\/wp-json\/wp\/v2\/pages\/2859"}],"wp:attachment":[{"href":"https:\/\/www.komunala-izola.si\/it\/wp-json\/wp\/v2\/media?parent=2927"}],"curies":[{"name":"wp","href":"https:\/\/api.w.org\/{rel}","templated":true}]}}