{"id":2921,"date":"2019-12-17T16:11:07","date_gmt":"2019-12-17T15:11:07","guid":{"rendered":"https:\/\/www.komunala-izola.si\/dejavnosti-2-2\/vzdrzevanje-okolja\/"},"modified":"2020-05-26T15:28:10","modified_gmt":"2020-05-26T13:28:10","slug":"cura-dellambiente-manutenzione-delle-aree-scoperte-ad-uso-pubblico","status":"publish","type":"page","link":"https:\/\/www.komunala-izola.si\/it\/attivita\/cura-dellambiente-manutenzione-delle-aree-scoperte-ad-uso-pubblico\/","title":{"rendered":"Cura dell\u2019ambiente &#8211; manutenzione delle aree scoperte ad uso pubblico"},"content":{"rendered":"<section class=\"kc-elm kc-css-190777 kc_row\"><div class=\" container\"><div class=\"row\"><div class=\"kc-elm kc-css-361343 col-12 col-md-8 column col-12 col-md-8\"><div class=\"kc-col-container\"><div class=\"kc-elm kc-css-43588 kc_text_block\"><\/p>\n<h4>L\u2019Azienda pubblica Komunala Isola e il Comune di Isola sono firmatari di due contratti: il Contratto sull\u2019esercizio dei pubblici servizi di rilevanza economica e il Contratto sulla manutenzione delle strade comunali.<\/h4>\n<p>Ai sensi dei due contratti qui citati l\u2019azienda garantisce il miglioramento delle caratteristiche viabilistiche, tecniche e della sicurezza delle strade nonch\u00e9 la protezione delle stesse e dell\u2019ambiente su tutto il territorio del comune di Isola.<\/p>\n<h5>Le attivit\u00e0 che l\u2019azienda esercita regolarmente ed in base ai piani di bilancio sono le seguenti:<\/h5>\n<ul>\n<li>Cura della pulizia delle superfici ad uso pubblico,<\/li>\n<li>Manutenzione dei parchi giochi per bambini,<\/li>\n<li>Manutenzione dei parchi pubblici e delle altre pubbliche sistemate a verde,<\/li>\n<li>Esposizione delle bandiere,<\/li>\n<li>Manutenzione delle fermate degli autobus,<\/li>\n<li>Manutenzione delle superfici viabili,<\/li>\n<li>Manutenzione della segnaletica stradale,<\/li>\n<li>Manutenzione delle strade locali,<\/li>\n<\/ul>\n<h5>Oltre alla manutenzione ordinaria annuale delle strade comunali, si esercitano nell\u2019ambito del pubblico servizio le seguenti attivit\u00e0:<\/h5>\n<ul>\n<li>Cura e manutenzione del marcato alimentare di Isola,<\/li>\n<li>Manutenzione dell\u2019area di Punta Gallo,<\/li>\n<li>Manutenzione del passeggio lungomare Isola-Capodistria.<\/li>\n<\/ul>\n<h5>Descrizione dell\u2019attivit\u00e0 del settore \u201cverde\u201d<\/h5>\n<p>L\u2019azienda Komunala di Isola cura le aree pubbliche inverdite, i parchi, le aiuole e altre aree a verde e i viali di propriet\u00e0 del comune di Isola. Nei centri urbani le aree inverdite sono estremamente importanti in quanto fungono da polmone della citt\u00e0. L\u2019Unit\u00e0 operativa (UO) preposta alla manutenzione dell\u2019ambiente provvede alla regolare falciatura dell\u2019erba nei parchi e sulle altre superfici sistemate a verde e alla potatura delle siepi e degli alberi che crescono sulle aree verdi pubbliche di Isola. Su commissione le qui descritte operazioni si eseguono anche su propriet\u00e0 private.<\/p>\n<p>La potatura degli alberi \u00e8 a cura di professionisti qualificati i quali partecipano regolarmente a vari corsi e seminari organizzati da enti autorizzati. Da un paio di anni in qua abbiamo provveduto a piantare parecchi arbusti autoctoni e alberi melliferi; inoltre, abbiamo incluso nella nostra attivit\u00e0 anche l\u2019impianto di diverse specie vegetali lungo ai lati delle superfici viabili. La piantagione si esegue in accordo con il comune di Isola e con i cittadini che abitano nelle immediate vicinanze degli interventi di impianto.<\/p>\n<h5>Cura della pulizia delle superfici ad uso pubblico<\/h5>\n<p>La pulizia delle superfici ad uso pubblico consiste nella pulizia manuale e meccanica delle superfici. Le operazioni di pulizia si esercitano tutti i giorni durante tutto l\u2019anno, in tutte le stagioni, a prescindere dalle condizioni meteorologiche. L\u2019intensit\u00e0 ovvero la frequenza delle operazioni dipende dall\u2019ubicazione della superficie sottoposta alla pulizia.<\/p>\n<h5>Manutenzione dei parchi giochi per bambini<\/h5>\n<p>La manutenzione dei parchi giochi per bambini nel comune di Isola \u00e8 un lavoro molto impegnativo ed esigente, il quale comprende la manutenzione delle superfici in ghiaia e delle attrezzature da gioco, la manutenzione dei dispositivi di chiusura dei cancelli dei recinti e degli impianti igienici, la falciatura dell\u2019erba, lo svuotamento dei cestini dell\u2019immondizia, l\u2019apertura e la chiusura dei parchi giochi ecc. Un\u2019operazione importante dal punto di vista della sicurezza delle attrezzature da gioco e degli stessi parchi giochi sono le regolari ispezioni tecniche degli stessi, delle quali \u00e8 incaricato un esecutore esterno autorizzato.<\/p>\n<h5>Manutenzione delle fermate degli autobus<\/h5>\n<p>Anche le fermate degli autobus di linea vengono regolarmente ispezionate e sottoposte ai necessari interventi di manutenzione. Si provvede sistematicamente a rimediare alle irregolarit\u00e0 eventualmente riscontrate, come ad es. l\u2019affissione abusiva di manifesti, e a sostituire le tettoie e i pannelli eventualmente danneggiati.<\/p>\n<h5>Esposizione delle bandiere<\/h5>\n<p>L\u2019esposizione delle bandiere (150 cm x 70 cm) procede regolarmente e nel rispetto della normativa vigente. Ogni bandiera \u00e8 fissata su un\u2019asta di color azzurro (lunga 1,90 m), e quindi sistemata sui pali dell\u2019illuminazione pubblica o sulle facciate degli edifici.<\/p>\n<h5>Manutenzione della segnaletica stradale orizzontale e verticale<\/h5>\n<p>L\u2019azienda cura la regolare manutenzione della segnaletica stradale orizzontale e verticale, e degli arredi stradali. All\u2019occorrenza si provvede a rinnovare la segnaletica orizzontale, soprattutto nei pressi delle scuole.<\/p>\n<h5>Manutenzione delle superfici viabili e delle strade locali<\/h5>\n<p>Nel settore della manutenzione delle superfici viabili l\u2019azienda esegue gli interventi regolari e, all\u2019occorrenza, di risanamento sulle superfici stradali alla cui gestione \u00e8 preposta. L\u2019azienda posiziona barriere e paletti, ristruttura i lastricati ed esegue altri piccoli interventi di manutenzione.<\/p>\n<h5>Sistemazione e cura dell\u2019arredo urbano<\/h5>\n<p>L\u2019arredo urbano contribuisce all\u2019aspetto ordinato della citt\u00e0 e rappresenta un gesto di cordialit\u00e0 nei confronti dell\u2019utenza. Perci\u00f2 \u00e8 importante che gli elementi dell\u2019arredo urbano siano scelti e collocati nell\u2019ambiente con la dovuta cura. L\u2019obiettivo dell\u2019azienda sarebbe quello di soddisfare l\u2019utenza degli spazi aperti pubblici (sia gli abitanti del luogo che i visitatori) unificando l\u2019arredo urbano nelle singole aree circoscritte, migliorando e rendendo pi\u00f9 belle le superfici e le vie ad uso pubblico, e raggiungendo, dal punto di vista generale, l\u2019aspetto ordinato dell\u2019ambiente urbano.<\/p>\n<h5>Servizio di turno e servizio invernale<\/h5>\n<p>Conformemente con il Contratto di manutenzione delle strade comunali nel comune di Isola, stipulato con il Comune di Isola, l\u2019azienda Komunala di Isola fornisce anche i servizi di turno e il servizio invernale. Il Contratto prevede un numero sufficiente di operai adeguatamente qualificati e attrezzati, di macchinari, attrezzature nonch\u00e9 quantit\u00e0 sufficienti di materiali, disponibili 24 ore su 24 tutti i giorni dell\u2019anno, capaci di rispondere immediatamente a circostanze imprevedibili e situazioni d\u2019emergenza, e di garantire un\u2019operativit\u00e0 interrotta del servizio invernale.<\/p>\n<h5>Marcato alimentare di isola<\/h5>\n<p>L\u2019azienda provvede anche all\u2019assetto e alla manutenzione del mercato alimentare, ubicato in pieno centro di Isola.<\/p>\n<h5>Manutenzione dell\u2019area di Punta Gallo e della strada costiera tra Isola e Capodistria<\/h5>\n<p>La nostra azienda cura la pulizia e la manutenzione delle aree ad uso pubblico in Punta Gallo e della costiera Isola-Capodistria. Fuori dalla stagione curiamo l\u2019aspetto ordinato di queste aree esercitando controlli regolari, riparando le panchine, pulendo e rimuovendo i rifiuti ed eseguendo altri lavori necessari.<\/p>\n<p>Durante la stagione turistica invece, oltre ai lavori di cui sopra, le attivit\u00e0 in Punta Gallo e sulla costiera Isola-Capodistria prevedono la pulizia quotidiana del bagnasciuga (rimozione dei detriti depositativi dal mare) e delle aree inerbite, lo svuotamento dei cestini aggiuntivi dei rifiuti tre volte al giorno, l\u2019asporto giornaliero dei rifiuti, la regolare cura della nettezza della zona di balneazione e delle superfici adiacenti, la cura dell\u2019igiene e dell\u2019ordine dei servizi igienici pubblici e il regolare servizio di turno.<\/p>\n<p>\n<\/div><div class=\"kc-image-gallery kc-elm kc-css-115644\">\n<div class=\"kc_image_gallery kc-carousel-image kc-grid  gallery-columns-2\">\n                    <figure class=\"gallery-item m-0\">\n                        <div class=\"gallery-icon landscape\">\n                            <a href=\"https:\/\/www.komunala-izola.si\/wp-content\/uploads\/2020\/01\/IMGP0234-scaled.jpg\"\n                               data-caption=\"\"\n                               data-fancybox=\"gallery-1427231\">\n                                <img decoding=\"async\" src=\"https:\/\/www.komunala-izola.si\/wp-content\/uploads\/2020\/01\/IMGP0234-scaled.jpg\" alt=\"\">                             <\/a>\n                        <\/div>\n                    <\/figure>\n\t\t\t\t                        <figure class=\"gallery-item m-0\">\n                        <div class=\"gallery-icon landscape\">\n                            <a href=\"https:\/\/www.komunala-izola.si\/wp-content\/uploads\/2020\/01\/Ograja-Jagodje-scaled.jpg\"\n                               data-caption=\"\"\n                               data-fancybox=\"gallery-1427231\">\n                                <img decoding=\"async\" src=\"https:\/\/www.komunala-izola.si\/wp-content\/uploads\/2020\/01\/Ograja-Jagodje-scaled.jpg\" alt=\"\">                             <\/a>\n                        <\/div>\n                    <\/figure>\n\t\t\t\t                        <figure class=\"gallery-item m-0\">\n                        <div class=\"gallery-icon landscape\">\n                            <a href=\"https:\/\/www.komunala-izola.si\/wp-content\/uploads\/2020\/02\/DE-gradnje-ureditev-elektri\u010dne-polnilnice-za-vozila-scaled.jpg\"\n                               data-caption=\"\"\n                               data-fancybox=\"gallery-1427231\">\n                                <img decoding=\"async\" src=\"https:\/\/www.komunala-izola.si\/wp-content\/uploads\/2020\/02\/DE-gradnje-ureditev-elektri\u010dne-polnilnice-za-vozila-scaled.jpg\" alt=\"\">                             <\/a>\n                        <\/div>\n                    <\/figure>\n\t\t\t\t                        <figure class=\"gallery-item m-0\">\n                        <div class=\"gallery-icon landscape\">\n                            <a href=\"https:\/\/www.komunala-izola.si\/wp-content\/uploads\/2020\/01\/Sanacija-Partizanske-ulice-DE-okolje-scaled.jpg\"\n                               data-caption=\"\"\n                               data-fancybox=\"gallery-1427231\">\n                                <img decoding=\"async\" src=\"https:\/\/www.komunala-izola.si\/wp-content\/uploads\/2020\/01\/Sanacija-Partizanske-ulice-DE-okolje-scaled.jpg\" alt=\"\">                             <\/a>\n                        <\/div>\n                    <\/figure>\n\t\t\t\t                        <figure class=\"gallery-item m-0\">\n                        <div class=\"gallery-icon landscape\">\n                            <a href=\"https:\/\/www.komunala-izola.si\/wp-content\/uploads\/2020\/01\/izola_010.jpg\"\n                               data-caption=\"\"\n                               data-fancybox=\"gallery-1427231\">\n                                <img decoding=\"async\" src=\"https:\/\/www.komunala-izola.si\/wp-content\/uploads\/2020\/01\/izola_010.jpg\" alt=\"\">                             <\/a>\n                        <\/div>\n                    <\/figure>\n\t\t\t\t                        <figure class=\"gallery-item m-0\">\n                        <div class=\"gallery-icon landscape\">\n                            <a href=\"https:\/\/www.komunala-izola.si\/wp-content\/uploads\/2020\/01\/izola_011.jpg\"\n                               data-caption=\"\"\n                               data-fancybox=\"gallery-1427231\">\n                                <img decoding=\"async\" src=\"https:\/\/www.komunala-izola.si\/wp-content\/uploads\/2020\/01\/izola_011.jpg\" alt=\"\">                             <\/a>\n                        <\/div>\n                    <\/figure>\n\t\t\t\t                        <figure class=\"gallery-item m-0\">\n                        <div class=\"gallery-icon landscape\">\n                            <a href=\"https:\/\/www.komunala-izola.si\/wp-content\/uploads\/2020\/01\/komunala_005.jpg\"\n                               data-caption=\"\"\n                               data-fancybox=\"gallery-1427231\">\n                                <img decoding=\"async\" src=\"https:\/\/www.komunala-izola.si\/wp-content\/uploads\/2020\/01\/komunala_005.jpg\" alt=\"\">                             <\/a>\n                        <\/div>\n                    <\/figure>\n\t\t\t\t                        <figure class=\"gallery-item m-0\">\n                        <div class=\"gallery-icon landscape\">\n                            <a href=\"https:\/\/www.komunala-izola.si\/wp-content\/uploads\/2020\/01\/kosnja12.5.-scaled.jpg\"\n                               data-caption=\"\"\n                               data-fancybox=\"gallery-1427231\">\n                                <img decoding=\"async\" src=\"https:\/\/www.komunala-izola.si\/wp-content\/uploads\/2020\/01\/kosnja12.5.-scaled.jpg\" alt=\"\">                             <\/a>\n                        <\/div>\n                    <\/figure>\n\t\t\t\t                        <figure class=\"gallery-item m-0\">\n                        <div class=\"gallery-icon landscape\">\n                            <a href=\"https:\/\/www.komunala-izola.si\/wp-content\/uploads\/2020\/01\/Okolje-9.png\"\n                               data-caption=\"\"\n                               data-fancybox=\"gallery-1427231\">\n                                <img decoding=\"async\" src=\"https:\/\/www.komunala-izola.si\/wp-content\/uploads\/2020\/01\/Okolje-9.png\" alt=\"\">                             <\/a>\n                        <\/div>\n                    <\/figure>\n\t\t\t\t                        <figure class=\"gallery-item m-0\">\n                        <div class=\"gallery-icon landscape\">\n                            <a href=\"https:\/\/www.komunala-izola.si\/wp-content\/uploads\/2020\/01\/Soncno-nabrezje-promenada-DE-vzdr-okolja.jpg\"\n                               data-caption=\"\"\n                               data-fancybox=\"gallery-1427231\">\n                                <img decoding=\"async\" src=\"https:\/\/www.komunala-izola.si\/wp-content\/uploads\/2020\/01\/Soncno-nabrezje-promenada-DE-vzdr-okolja.jpg\" alt=\"\">                             <\/a>\n                        <\/div>\n                    <\/figure>\n\t\t\t\t                        <figure class=\"gallery-item m-0\">\n                        <div class=\"gallery-icon landscape\">\n                            <a href=\"https:\/\/www.komunala-izola.si\/wp-content\/uploads\/2020\/01\/DE-vzdrzevanje-okolja-Son\u010dno-nabre\u017eje-vrtnice-scaled.jpg\"\n                               data-caption=\"\"\n                               data-fancybox=\"gallery-1427231\">\n                                <img decoding=\"async\" src=\"https:\/\/www.komunala-izola.si\/wp-content\/uploads\/2020\/01\/DE-vzdrzevanje-okolja-Son\u010dno-nabre\u017eje-vrtnice-scaled.jpg\" alt=\"\">                             <\/a>\n                        <\/div>\n                    <\/figure>\n\t\t\t\t                        <figure class=\"gallery-item m-0\">\n                        <div class=\"gallery-icon landscape\">\n                            <a href=\"https:\/\/www.komunala-izola.si\/wp-content\/uploads\/2020\/01\/Park-DE-vzdr\u017eevanja-okolja-scaled.jpg\"\n                               data-caption=\"\"\n                               data-fancybox=\"gallery-1427231\">\n                                <img decoding=\"async\" src=\"https:\/\/www.komunala-izola.si\/wp-content\/uploads\/2020\/01\/Park-DE-vzdr\u017eevanja-okolja-scaled.jpg\" alt=\"\">                             <\/a>\n                        <\/div>\n                    <\/figure>\n\t\t\t\t    <\/div>\n<\/div><\/div><\/div><div class=\"kc-elm kc-css-252346 col-12 col-md-4 column col-12 col-md-4\"><div class=\"kc-col-container\">\n<div class=\"kc-elm kc-css-18267 kc-title-wrap \">\n\n\t<h2 class=\"kc_title\">Numeri di contatto dell\u2019UO Manutenzione ambiente<\/h2>\n<\/div>\n\n<div class=\"kc-elm kc-css-335504 kc-title-wrap \">\n\n\t<h2 class=\"kc_title\">Settore di manutenzione delle aree ad uso pubblico<\/h2>\n<\/div>\n\n<div class=\"kc-elm kc-css-627040 kc-title-wrap \">\n\n\t<h2 class=\"kc_title\">Telefono (ufficio)<\/h2>\n<\/div>\n<div class=\"kc-elm kc-css-5197 kc_text_block\"><\/p>\n<p>05 \/ 66 34 961<\/p>\n<p>\n<\/div>\n<div class=\"kc-elm kc-css-739812 kc-title-wrap \">\n\n\t<h2 class=\"kc_title\">Settore di gestione del mercato cittadino<\/h2>\n<\/div>\n\n<div class=\"kc-elm kc-css-340648 kc-title-wrap \">\n\n\t<h2 class=\"kc_title\">Telefono (ufficio)<\/h2>\n<\/div>\n<div class=\"kc-elm kc-css-129415 kc_text_block\"><\/p>\n<p>05 \/ 66 34 932<\/p>\n<p>\n<\/div>\n<div class=\"kc-elm kc-css-175646 kc-title-wrap \">\n\n\t<h2 class=\"kc_title\">Indirizzo e-mail<\/h2>\n<\/div>\n<div class=\"kc-elm kc-css-111856 kc_text_block\"><\/p>\n<p><a href=\"mailto:okolje@komunala-izola.si\">okolje@komunala-izola.si<\/a><\/p>\n<p>\n<\/div>\n<div class=\"kc-elm kc-css-728691 kc-title-wrap \">\n\n\t<h2 class=\"kc_title\">Orario d\u2019ufficio per il pubblico<\/h2>\n<\/div>\n<div class=\"kc-elm kc-css-555769 kc_text_block\"><\/p>\n<p>Luned\u00ec, mercoled\u00ec e venerd\u00ec dalle 8.00 alle 10.00 e dalle 10.30 alle 12.00<\/p>\n<p>\n<\/div><\/div><\/div><\/div><\/div><\/section>\n","protected":false},"excerpt":{"rendered":"","protected":false},"author":6,"featured_media":1258,"parent":2859,"menu_order":0,"comment_status":"closed","ping_status":"closed","template":"page-templates\/fullwidthpage.php","meta":{"_acf_changed":false,"footnotes":""},"class_list":["post-2921","page","type-page","status-publish","has-post-thumbnail","hentry"],"acf":[],"_links":{"self":[{"href":"https:\/\/www.komunala-izola.si\/it\/wp-json\/wp\/v2\/pages\/2921","targetHints":{"allow":["GET"]}}],"collection":[{"href":"https:\/\/www.komunala-izola.si\/it\/wp-json\/wp\/v2\/pages"}],"about":[{"href":"https:\/\/www.komunala-izola.si\/it\/wp-json\/wp\/v2\/types\/page"}],"author":[{"embeddable":true,"href":"https:\/\/www.komunala-izola.si\/it\/wp-json\/wp\/v2\/users\/6"}],"replies":[{"embeddable":true,"href":"https:\/\/www.komunala-izola.si\/it\/wp-json\/wp\/v2\/comments?post=2921"}],"version-history":[{"count":0,"href":"https:\/\/www.komunala-izola.si\/it\/wp-json\/wp\/v2\/pages\/2921\/revisions"}],"up":[{"embeddable":true,"href":"https:\/\/www.komunala-izola.si\/it\/wp-json\/wp\/v2\/pages\/2859"}],"wp:featuredmedia":[{"embeddable":true,"href":"https:\/\/www.komunala-izola.si\/it\/wp-json\/wp\/v2\/media\/1258"}],"wp:attachment":[{"href":"https:\/\/www.komunala-izola.si\/it\/wp-json\/wp\/v2\/media?parent=2921"}],"curies":[{"name":"wp","href":"https:\/\/api.w.org\/{rel}","templated":true}]}}