{"id":2911,"date":"2019-12-17T16:11:59","date_gmt":"2019-12-17T15:11:59","guid":{"rendered":"https:\/\/www.komunala-izola.si\/dejavnosti-2-2\/pristanisce\/"},"modified":"2025-10-23T15:05:30","modified_gmt":"2025-10-23T13:05:30","slug":"porto","status":"publish","type":"page","link":"https:\/\/www.komunala-izola.si\/it\/attivita\/porto\/","title":{"rendered":"Porto"},"content":{"rendered":"<p><section class=\"kc-elm kc-css-775898 kc_row\"><div class=\" container\"><div class=\"row\"><div class=\"kc-elm kc-css-932986 col-12 col-md-8 column col-12 col-md-8\"><div class=\"kc-col-container\"><div class=\"kc-elm kc-css-799567 kc_text_block\"><\/p>\n<h4>In virt\u00f9 del Decreto sul porto comunale di Isola, l\u2019azienda Komunala Isola S.r.l. affitta e gestisce le infrastrutture e l\u2019acquatorio del porto comunale di Isola.<\/h4>\n<p>Il porto comunale si suddivide in cinque parti:<\/p>\n<h5>Molo nord<\/h5>\n<p>Il molo nord \u00e8 destinato al trasporto pubblico di passeggeri (imbarco e sbarco dei passeggeri), al rifornimento di carburante delle imbarcazioni di grandi dimensioni, al trasbordo del pesce pescato nonch\u00e9 allo svolgimento dei controlli doganali e di frontiera.<\/p>\n<h5>Molo principale<\/h5>\n<p>Il molo principale \u00e8 destinato soprattutto all\u2019ormeggio di imbarcazioni da pesca e da maricoltura.<\/p>\n<h5>Mandracchio<\/h5>\n<p>Nel mandracchio sono ormeggiate solamente imbarcazioni tradizionali in legno.<\/p>\n<h5>Molo nord del mandracchio<\/h5>\n<p>Il lato ovest del molo nord del mandracchio \u00e8 destinato all\u2019ormeggio temporaneo dei natanti per motivi di rifornimento di carburante, mentre il lato est del molo \u00e8 destinato all\u2019ormeggio di imbarcazioni lunghe fino ad un massimo di 8 metri e destinate alla pesca od alla maricoltura. Il lato sud del molo del mandracchio \u00e8 destinato invece all\u2019ormeggio di natanti per attivit\u00e0 economiche, pesca e maricoltura, per ormeggi giornalieri, temporanei e comunali.<\/p>\n<h5>Riva del Sole<\/h5>\n<p>Lungo Riva del Sole si trovano sette moli galleggianti, destinati soprattutto agli ormeggi comunali.<\/p>\n<h4>Vi sono a disposizione degli utenti, al porto comunale:<\/h4>\n<ul>\n<li>Ormeggi comunali (destinati esclusivamente ai cittadini residenti nel comune di Isola),<\/li>\n<li>Ormeggi per imbarcazioni da pesca o finalizzate all\u2019esercizio di altre attivit\u00e0 economiche, e ormeggi per imbarcazioni per usi speciali,<\/li>\n<li>Ormeggi giornalieri (per i visitatori di Isola che si soffermano in citt\u00e0 per un massimo di sette giorni),<\/li>\n<li>Ormeggi temporanei (per imbarcazioni i cui proprietari non possono beneficiare di un ormeggio permanente, ossia di un ormeggio comunale o un ormeggio per navi da pesca o per altre attivit\u00e0 economiche).<\/li>\n<\/ul>\n<p>L\u2019ufficio sede dell\u2019Unit\u00e0 operativa dei Servizi portuali \u00e8 situato nell\u2019area del centro, nella via senza nome che costeggia il parcheggio Lonka.<\/p>\n<p>\n<\/div><div class=\"kc-image-gallery kc-elm kc-css-365892\">\n<div class=\"kc_image_gallery kc-carousel-image kc-grid  gallery-columns-2\">\n                    <figure class=\"gallery-item m-0\">\n                        <div class=\"gallery-icon landscape\">\n                            <a href=\"https:\/\/www.komunala-izola.si\/wp-content\/uploads\/2020\/01\/Izola-veduta-1.jpg\"\n                               data-caption=\"\"\n                               data-fancybox=\"gallery-41374842\">\n                                <img decoding=\"async\" src=\"https:\/\/www.komunala-izola.si\/wp-content\/uploads\/2020\/01\/Izola-veduta-1.jpg\" alt=\"\">                             <\/a>\n                        <\/div>\n                    <\/figure>\n\t\t\t\t                        <figure class=\"gallery-item m-0\">\n                        <div class=\"gallery-icon landscape\">\n                            <a href=\"https:\/\/www.komunala-izola.si\/wp-content\/uploads\/2020\/01\/Pristanisce-ribiska-plovila.jpg\"\n                               data-caption=\"\"\n                               data-fancybox=\"gallery-41374842\">\n                                <img decoding=\"async\" src=\"https:\/\/www.komunala-izola.si\/wp-content\/uploads\/2020\/01\/Pristanisce-ribiska-plovila.jpg\" alt=\"\">                             <\/a>\n                        <\/div>\n                    <\/figure>\n\t\t\t\t                        <figure class=\"gallery-item m-0\">\n                        <div class=\"gallery-icon landscape\">\n                            <a href=\"https:\/\/www.komunala-izola.si\/wp-content\/uploads\/2020\/01\/Pristanisce-plavajoci-pomol.jpg\"\n                               data-caption=\"\"\n                               data-fancybox=\"gallery-41374842\">\n                                <img decoding=\"async\" src=\"https:\/\/www.komunala-izola.si\/wp-content\/uploads\/2020\/01\/Pristanisce-plavajoci-pomol.jpg\" alt=\"\">                             <\/a>\n                        <\/div>\n                    <\/figure>\n\t\t\t\t                        <figure class=\"gallery-item m-0\">\n                        <div class=\"gallery-icon landscape\">\n                            <a href=\"https:\/\/www.komunala-izola.si\/wp-content\/uploads\/2020\/01\/Pristanisce.jpg\"\n                               data-caption=\"\"\n                               data-fancybox=\"gallery-41374842\">\n                                <img decoding=\"async\" src=\"https:\/\/www.komunala-izola.si\/wp-content\/uploads\/2020\/01\/Pristanisce.jpg\" alt=\"\">                             <\/a>\n                        <\/div>\n                    <\/figure>\n\t\t\t\t    <\/div>\n<\/div><\/div><\/div><div class=\"kc-elm kc-css-953598 col-12 col-md-4 column col-12 col-md-4\"><div class=\"kc-col-container\">\n<div class=\"kc-elm kc-css-639059 kc-title-wrap \">\n\n\t<h2 class=\"kc_title\">Numero di contatto dell\u2019UO Servizi portuali<\/h2>\n<\/div>\n\n<div class=\"kc-elm kc-css-506318 kc-title-wrap \">\n\n\t<h2 class=\"kc_title\">Telefono (ufficio)<\/h2>\n<\/div>\n<div class=\"kc-elm kc-css-113642 kc_text_block\"><\/p>\n<p>\n05\/ 66 34 955 (dalle 8.00 alle 13.00)<\/p>\n<p>\n<\/div>\n<div class=\"kc-elm kc-css-938385 kc-title-wrap \">\n\n\t<h2 class=\"kc_title\">Indirizzo e-mail<\/h2>\n<\/div>\n<div class=\"kc-elm kc-css-964155 kc_text_block\"><\/p>\n<p>\n<a href=\"mailto:pristanisce@komunala-izola.si\">pristanisce@komunala-izola.si<\/a><\/p>\n<p>\n<\/div>\n<div class=\"kc-elm kc-css-156922 kc-title-wrap \">\n\n\t<h2 class=\"kc_title\">Orario d\u2019ufficio per il pubblico<\/h2>\n<\/div>\n<div class=\"kc-elm kc-css-437870 kc_text_block\"><\/p>\n<p>\nLuned\u00ec, mercoled\u00ec e venerd\u00ec dalle 8.00 alle 13.00<\/p>\n<h4><\/h4>\n<p>\n<\/div>\n<div class=\"kc-elm kc-css-992742 divider_line\">\n\t<div class=\"divider_inner divider_line1\">\n\t\t\t<\/div>\n<\/div>\n\n<div class=\"kc-elm kc-css-916934 kc-title-wrap \">\n\n\t<h2 class=\"kc_title\">Piano di raccolta e trattamento dei rifiuti prodotti dalle navi per iz porto comunale di Isola<\/h2>\n<\/div>\n\n<div class=\"kc-elm kc-css-713251\">\n\t<a class=\"kc_button btn btn-primary\" href=\"https:\/\/www.komunala-izola.si\/wp-content\/uploads\/2025\/10\/Piano-di-raccolta-e-trattamento-dei-rifiuti-prodotti-dalle-navi-per-iz-porto-comunale-di-Isola.pdf\" target=\"_blank\" title=\"\" onclick=\"\">\n\t\tPiano\t<\/a>\n<\/div>\n<\/div><\/div><\/div><\/div><\/section><section class=\"kc-elm kc-css-343986 kc_row\"><div class=\" container\"><div class=\"row\"><div class=\"kc-elm kc-css-391046 col-12 col-md-12 column col-12 col-md-12\"><div class=\"kc-col-container\">\n<div class=\"kc-elm kc-css-510984 kc-title-wrap \">\n\n\t<h2 class=\"kc_title\">Previsioni meteo<\/h2>\n<\/div>\n<div class=\"kc-elm kc-css-296850 kc-raw-code\">\n    <div class=\"row\">\n        <div class=\"weather-section col-12 col-md-6 mb-3 mb-md-0\">\n            <div class=\"weather-today weather-box d-flex flex-column flex-md-row align-items-md-center text-md-center\">\n                <div class=\"weather-icon\">\n                    <i class=\"d-block float-left wi wi-day-sunny\"><\/i>\n                <\/div>\n                <div class=\"weather-data weather-now\">\n                    <span class=\"d-block weather-day\">Oggi<\/span>\n                    <span class=\"d-block temperature-label\">Temperatura<\/span>\n                    <span class=\"d-inline-block temperature\">22<\/span><span class=\"temperature-unit\">\u00b0C<\/span>\n                    <p class=\"wind-speed\">Velocit\u00e0 del vento: 3km\/h<\/p>\n                <\/div>\n            <\/div>\n        <\/div>\n\n        <div class=\"weather-section col-12 col-md-3 mb-3 mb-md-0\">\n            <div class=\"weather-box weather-tomorrow d-flex flex-column align-items-center text-center\">\n                <span class=\"d-block weather-day\">Domani<\/span>\n                <div class=\"weather-icon\">\n                    <i class=\"wi wi-day-sunny\"><\/i>\n                <\/div>\n                <div class=\"weather-data\">\n\n                    <span class=\"d-block temperature-label\">Temperatura<\/span>\n                    <span class=\"d-inline-block temperature\">23<\/span><span class=\"temperature-unit\">\u00b0C<\/span>\n                <\/div>\n            <\/div>\n        <\/div>\n\n        <div class=\"weather-section col-12 col-md-3 mb-3 mb-md-0\">\n            <div class=\"weather-box weather-next-day d-flex flex-column align-items-center text-center\">\n                <span class=\"d-block weather-day\"><\/span>\n                <div class=\"weather-icon\">\n                    <i class=\"wi wi-day-sunny\"><\/i>\n                <\/div>\n                <div class=\"weather-data\">\n                    <span class=\"d-block temperature-label\">Temperatura<\/span>\n                    <span class=\"d-inline-block temperature\">22<\/span><span class=\"temperature-unit\">\u00b0C<\/span>\n                <\/div>\n            <\/div>\n        <\/div>\n    <\/div>\n\n\n    <\/div><\/div><\/div><\/div><\/div><\/section><\/p>\n","protected":false},"excerpt":{"rendered":"","protected":false},"author":6,"featured_media":1264,"parent":2859,"menu_order":0,"comment_status":"closed","ping_status":"closed","template":"page-templates\/fullwidthpage.php","meta":{"_acf_changed":false,"footnotes":""},"class_list":["post-2911","page","type-page","status-publish","has-post-thumbnail","hentry"],"acf":[],"_links":{"self":[{"href":"https:\/\/www.komunala-izola.si\/it\/wp-json\/wp\/v2\/pages\/2911","targetHints":{"allow":["GET"]}}],"collection":[{"href":"https:\/\/www.komunala-izola.si\/it\/wp-json\/wp\/v2\/pages"}],"about":[{"href":"https:\/\/www.komunala-izola.si\/it\/wp-json\/wp\/v2\/types\/page"}],"author":[{"embeddable":true,"href":"https:\/\/www.komunala-izola.si\/it\/wp-json\/wp\/v2\/users\/6"}],"replies":[{"embeddable":true,"href":"https:\/\/www.komunala-izola.si\/it\/wp-json\/wp\/v2\/comments?post=2911"}],"version-history":[{"count":0,"href":"https:\/\/www.komunala-izola.si\/it\/wp-json\/wp\/v2\/pages\/2911\/revisions"}],"up":[{"embeddable":true,"href":"https:\/\/www.komunala-izola.si\/it\/wp-json\/wp\/v2\/pages\/2859"}],"wp:featuredmedia":[{"embeddable":true,"href":"https:\/\/www.komunala-izola.si\/it\/wp-json\/wp\/v2\/media\/1264"}],"wp:attachment":[{"href":"https:\/\/www.komunala-izola.si\/it\/wp-json\/wp\/v2\/media?parent=2911"}],"curies":[{"name":"wp","href":"https:\/\/api.w.org\/{rel}","templated":true}]}}