{"id":2897,"date":"2019-12-17T16:12:55","date_gmt":"2019-12-17T15:12:55","guid":{"rendered":"https:\/\/www.komunala-izola.si\/dejavnosti-2-2\/parkirisca\/"},"modified":"2026-03-27T13:00:17","modified_gmt":"2026-03-27T12:00:17","slug":"parcheggi-2","status":"publish","type":"page","link":"https:\/\/www.komunala-izola.si\/it\/attivita\/parcheggi-2\/","title":{"rendered":"\ud83c\udd7f Parcheggi"},"content":{"rendered":"<section class=\"kc-elm kc-css-131199 kc_row\"><div class=\" container\"><div class=\"row\"><div class=\"kc-elm kc-css-317513 col-12 col-md-8 column col-12 col-md-8\"><div class=\"kc-col-container\"><div class=\"kc-elm kc-css-313076 kc_text_block\"><\/p>\n<h5>L\u2019azienda Komunala Isola \u00e8 il gestore dei parcheggi pubblici nel Comune di Isola. Gestiamo undici parcheggi pubblici a pagamento con una capacit\u00e0 complessiva di 1003 posti auto e sette parcheggi gratuiti con tempo di sosta limitato, per un totale di 348 posti auto.<\/h5>\n<p>L\u2019ufficio dell\u2019unit\u00e0 operativa preposta alla gestione dei parcheggi si trova in centro, nella via senza nome che conduce all\u2019entrata al parcheggio Campo alle Porte (Lonka). Alla cassa i residenti e gli altri utenti possono acquistare l\u2019abbonamento per la sosta nei parcheggi a pagamento.<\/p>\n<h5><span style=\"font-size: 1em; font-style: inherit;\">Parcheggi a pagamento<\/span><\/h5>\n<p data-start=\"1686\" data-end=\"2027\">Ai visitatori \u00e8 consentito sostare in tutti i parcheggi pubblici a pagamento dietro il pagamento della tariffa prevista per il singolo parcheggio. Tutti i parcheggi pubblici a pagamento, ad eccezione dei parcheggi Ruda e Mehano, sono dotati di parchimetri e illuminazione pubblica, mentre il parcheggio Lonka \u00e8 parzialmente videosorvegliato.<\/p>\n<p data-start=\"2029\" data-end=\"2361\">Il pagamento ai parchimetri \u00e8 possibile in contanti, tramite applicazione o mediante SMS. Il pagamento con carta bancaria contactless \u00e8 disponibile nei parcheggi Lonka, Po\u0161ta, Ladjedelnica, Ladjedelnica 2, via Toma\u017ei\u010d e sotto Belvedere. Nei parcheggi Ruda e Mehano il pagamento \u00e8 possibile esclusivamente tramite applicazione o SMS.<\/p>\n<blockquote>\n<p>In caso uso protratto o ripetitivo del parcheggio \u00e8 invece possibile acquistare l\u2019abbonamento.<\/p>\n<\/blockquote>\n<p>Maggiori informazioni sugli abbonamenti per il parcheggio sono disponibili <a href=\"https:\/\/www.komunala-izola.si\/it\/abbonamenti-per-il-parcheggio-2\/\">QUI.<\/a><\/p>\n<p>\n<\/div><div data-closeall=\"true\" class=\"kc-elm kc-css-787965 kc_accordion_wrapper\">\r\n    <div class=\"kc-elm kc-css-937924 kc_accordion_section group \"><h3 class=\"kc_accordion_header ui-accordion-header\"><a href=\"#listino-prezzi-degli-abbonamenti-nel-comune-di-isola\" data-prevent=\"scroll\"><div class=\"kc-accordion-inner-wrapper\"><span class=\"ui-accordion-header-icon ui-icon\"><\/span><i class=\"\"><\/i> Listino prezzi degli abbonamenti nel Comune di Isola<\/div><\/a><\/h3><div class=\"kc_accordion_content ui-accordion-content kc_clearfix\"><div class=\"kc-panel-body\"><div class=\"kc-elm kc-css-810038 kc_shortcode kc_single_image\">\n\n        <a  href=\"https:\/\/www.komunala-izola.si\/wp-content\/uploads\/2025\/10\/CENIK-ABONMAJEV-Large.jpg\" title=\"\" target=\"\">\n        <img decoding=\"async\" src=\"https:\/\/www.komunala-izola.si\/wp-content\/uploads\/2025\/10\/CENIK-ABONMAJEV-Large.jpg\" class=\"\" alt=\"\" \/><div class=\"kc-image-overlay\"><i class=\"et-magnifying-glass\"><\/i><\/div>    <\/a>\n    <\/div>\n<\/div><\/div><\/div><\/div>\r\n<div class=\"kc-elm kc-css-704744 kc_text_block\"><\/p>\n<h5 style=\"text-align: justify;\"><span style=\"font-size: 1em; font-style: inherit;\">Gestione dei parcheggi privati\u00a0<\/span><\/h5>\n<div><span style=\"font-size: 1em; font-style: inherit;\">L&#8217;azienda Komunala Isola gestisce altresi due parcheggi privati, ovvero il parcheggio presso il negozio Spar Isola e quello vicino all&#8217;Hotel Delfin.\u00a0<\/span><\/div>\n<div><span style=\"font-size: 1em; font-style: inherit;\">\u00a0<\/span><\/div>\n<div>La sosta al parcheggio Spar e&#8217; consentita previo pagamento della tariffa di parcheggio al parcometro, mentre il parcheggio presso l&#8217;Hotel Delfin puo&#8217; essere utilizzato solamente con il permesso, rilasciato dall&#8217;Hotel Delfin.\u00a0<\/div>\n<p>\n<\/div>\n<div class=\"kc-elm kc-css-265017 divider_line\">\n\t<div class=\"divider_inner divider_line1\">\n\t\t\t<\/div>\n<\/div>\n<\/div><\/div><div class=\"kc-elm kc-css-403744 col-12 col-md-4 column col-12 col-md-4\"><div class=\"kc-col-container\"><div class=\"kc-elm kc-css-685175 kc_shortcode kc_single_image\">\n\n        <a  href=\"https:\/\/www.komunala-izola.si\/wp-content\/uploads\/2026\/03\/PARKING-IN-IZOLA_EN_MOBILE-2.pdf\" title=\"\" target=\"_self\">\n        <img decoding=\"async\" src=\"https:\/\/www.komunala-izola.si\/wp-content\/uploads\/2026\/03\/41-413003_english-uk-flag-circle-vector-40x40xc.png\" class=\"\" alt=\"\" \/><div class=\"kc-image-overlay\"><i class=\"sl-info\"><\/i><\/div>    <\/a>\n    \t    <p class=\"scapt\">ENG<\/p>\n\t    <\/div>\n\n<div class=\"kc-elm kc-css-888160 kc-title-wrap \">\n\n\t<h4 class=\"kc_title\">Depliant dei parcheggi \"Dove parcheggiare a Isola?\"<\/h4>\n<\/div>\n\n<div class=\"kc-elm kc-css-235683\">\n\t<a class=\"kc_button btn btn-primary\" href=\"#\" onclick=\"\">\n\t\tScarica depliant\t<\/a>\n<\/div>\n\n<div class=\"kc-elm kc-css-334744 kc-title-wrap \">\n\n\t<h2 class=\"kc_title contact-title\">Contatti dell\u2019Unit\u00e0 operativa Parcheggi<\/h2>\n<\/div>\n\n<div class=\"kc-elm kc-css-602147 kc-title-wrap \">\n\n\t<h2 class=\"kc_title phone-mail-label text-primary\">Telefono<\/h2>\n<\/div>\n<div class=\"kc-elm kc-css-99000 kc_text_block\"><\/p>\n<p>\n05 \/ 66 34 957<\/p>\n<p>\n<\/div>\n<div class=\"kc-elm kc-css-256090 kc-title-wrap \">\n\n\t<h2 class=\"kc_title phone-mail-label text-primary\">Indirizzo e-mail<\/h2>\n<\/div>\n<div class=\"kc-elm kc-css-615408 kc_text_block\"><\/p>\n<p>\n<a href=\"mailto:parkirisce@komunala-izola.si\">parkirisce@komunala-izola.si<\/a><\/p>\n<p>\n<\/div>\n<div class=\"kc-elm kc-css-459550 kc-title-wrap \">\n\n\t<h2 class=\"kc_title contact-title\">Orario d'ufficio per il pubblico<\/h2>\n<\/div>\n<div class=\"kc-elm kc-css-435714 kc_text_block\"><\/p>\n<p>Luned\u00ec, mercoled\u00ec e venerd\u00ec dalle 8.00 alle 12.00 (pausa pranzo dalle 10.00 alle 10.30).<\/p>\n<p>\n<\/div>\n<div class=\"kc-elm kc-css-172578 kc-title-wrap \">\n\n\t<h2 class=\"kc_title contact-title\">Orario della Cassa del parcheggio Lonka<\/h2>\n<\/div>\n<div class=\"kc-elm kc-css-482841 kc_text_block\"><\/p>\n<p>\nLuned\u00ec, mercoled\u00ec e venerd\u00ec dalle 9.00 alle 11.00 e dalle 16.00 alle 18.00.<\/p>\n<p>\n<\/div>\n<div class=\"kc-elm kc-css-91580 kc-title-wrap \">\n\n\t<h1 class=\"kc_title\">Listino delle tariffe<\/h1>\n<\/div>\n\n<div class=\"kc-elm kc-css-19242\">\n\t<a class=\"kc_button btn btn-primary\" href=\"https:\/\/www.komunala-izola.si\/wp-content\/uploads\/2025\/07\/Listino-delle-tariffe_parcheggi_luglio_2025.pdf\" target=\"_blank\" title=\"\" onclick=\"\">\n\t\tScarica il listino delle tariffe\t<\/a>\n<\/div>\n<div class=\"kc-elm kc-css-978408 kc_text_block\"><\/p>\n<p>\n<\/div>\n<div class=\"kc-elm kc-css-82643 kc-title-wrap \">\n\n\t<h1 class=\"kc_title\">Orari di parcheggio per parcheggi privati<\/h1>\n<\/div>\n\n<div class=\"kc-elm kc-css-71435\">\n\t<a class=\"kc_button btn btn-primary\" href=\"https:\/\/www.komunala-izola.si\/wp-content\/uploads\/2023\/07\/Parkirni-red_SPAR_ITA.pdf\" target=\"_blank\" title=\"\" onclick=\"\">\n\t\tRegolamento del parcheggio Spar\t<\/a>\n<\/div>\n\n<div class=\"kc-elm kc-css-224909\">\n\t<a class=\"kc_button btn btn-primary\" href=\"https:\/\/www.komunala-izola.si\/wp-content\/uploads\/2023\/07\/Parkirni-red_DELFIN_ITA.pdf\" target=\"_blank\" title=\"\" onclick=\"\">\n\t\tRegolamento del parcheggio Delfin\t<\/a>\n<\/div>\n<\/div><\/div><\/div><\/div><\/section>\n","protected":false},"excerpt":{"rendered":"","protected":false},"author":6,"featured_media":3320,"parent":2859,"menu_order":0,"comment_status":"closed","ping_status":"closed","template":"page-templates\/parking.php","meta":{"_acf_changed":false,"footnotes":""},"class_list":["post-2897","page","type-page","status-publish","has-post-thumbnail","hentry"],"acf":[],"_links":{"self":[{"href":"https:\/\/www.komunala-izola.si\/it\/wp-json\/wp\/v2\/pages\/2897","targetHints":{"allow":["GET"]}}],"collection":[{"href":"https:\/\/www.komunala-izola.si\/it\/wp-json\/wp\/v2\/pages"}],"about":[{"href":"https:\/\/www.komunala-izola.si\/it\/wp-json\/wp\/v2\/types\/page"}],"author":[{"embeddable":true,"href":"https:\/\/www.komunala-izola.si\/it\/wp-json\/wp\/v2\/users\/6"}],"replies":[{"embeddable":true,"href":"https:\/\/www.komunala-izola.si\/it\/wp-json\/wp\/v2\/comments?post=2897"}],"version-history":[{"count":7,"href":"https:\/\/www.komunala-izola.si\/it\/wp-json\/wp\/v2\/pages\/2897\/revisions"}],"predecessor-version":[{"id":12757,"href":"https:\/\/www.komunala-izola.si\/it\/wp-json\/wp\/v2\/pages\/2897\/revisions\/12757"}],"up":[{"embeddable":true,"href":"https:\/\/www.komunala-izola.si\/it\/wp-json\/wp\/v2\/pages\/2859"}],"wp:featuredmedia":[{"embeddable":true,"href":"https:\/\/www.komunala-izola.si\/it\/wp-json\/wp\/v2\/media\/3320"}],"wp:attachment":[{"href":"https:\/\/www.komunala-izola.si\/it\/wp-json\/wp\/v2\/media?parent=2897"}],"curies":[{"name":"wp","href":"https:\/\/api.w.org\/{rel}","templated":true}]}}