{"id":2890,"date":"2019-12-17T16:10:11","date_gmt":"2019-12-17T15:10:11","guid":{"rendered":"https:\/\/www.komunala-izola.si\/dejavnosti-2-2\/kanalizacija\/"},"modified":"2026-03-05T09:07:04","modified_gmt":"2026-03-05T08:07:04","slug":"rete-fognaria","status":"publish","type":"page","link":"https:\/\/www.komunala-izola.si\/it\/attivita\/rete-fognaria\/","title":{"rendered":"Rete fognaria"},"content":{"rendered":"<section class=\"kc-elm kc-css-736687 kc_row\"><div class=\" container\"><div class=\"row\"><div class=\"kc-elm kc-css-147195 col-12 col-md-8 column col-12 col-md-8\"><div class=\"kc-col-container\"><div class=\"kc-elm kc-css-301002 kc_text_block\"><\/p>\n<h4>La rete fognaria debitamente sistemata fa parte delle infrastrutture urbane con le quali viene assicurata e gestita la riduzione dell\u2019impatto dell\u2019uomo sull\u2019ambiente.<\/h4>\n<p>La rete fognaria debitamente sistemata garantisce la sicurezza e la qualit\u00e0 dell\u2019ambiente di vita e riduce i rischi per la salute dei cittadini e dei visitatori. L\u2019Azienda pubblica Komunala Isola \u00e8 preposta all\u2019esercizio del pubblico servizio obbligatorio di rilevanza economica di smaltimento e depurazione delle acque reflue urbane nel comune di Isola. L\u2019azienda \u00e8 preposta alla gestione della rete fognaria pubblica nel territorio della citt\u00e0 di Isola, e della rete fognaria pubblica negli abitati di Korte e Cetore. Tutti tre i sistemi fognari pubblici hanno la sistemazione finale nei relativi impianti di depurazione.<\/p>\n<p>Le acque reflue provenienti dalla citt\u00e0 di Isola vengono convogliate nella stazione di pompaggio e dirette, attraverso la condotta in pressione, verso Capodistria, dove vengono depurate nell\u2019impianto centrale di depurazione di Capodistria, mentre le acque reflue provenienti dagli abitati di Korte e Cetore vengono depurati nei rispettivi piccoli impianti di depurazione. Ogni costruzione destinata all\u2019abitazione o all\u2019esercizio di un\u2019attivit\u00e0 all\u2019interno di un insediamento, deve essere di regola allacciata alla rete pubblica di smaltimento delle acque reflue.<\/p>\n<h5>All\u2019utenza e ai soggetti non autorizzati \u00e8 vietato accedere agli impianti della rete fognaria pubblica od eseguire a propria discrezione allacciamenti alla rete.<\/h5>\n<p>La realizzazione di un allacciamento alla rete fognaria pubblica va preceduta dall\u2019acquisizione della relativa autorizzazione e dalla corresponsione del canone di urbanizzazione prescritto per l\u2019allacciamento alla rete pubblica. L\u2019allacciamento viene poi realizzato da un operatore qualificato sotto la sovrintendenza dell\u2019azienda Komunala di Isola, oppure direttamente dall\u2019Unit\u00e0 operativa (UO) Costruzioni dell\u2019azienda Komunala di isola.<\/p>\n<p>Nelle zone non raggiunte dalla rete fognaria pubblica, il singolo stabile pu\u00f2 essere allacciato ad un piccolo impianto di depurazione autonomo o, nelle aree dove la realizzazione di piccoli impianti di depurazione non \u00e8 consentita, \u00e8 possibile allacciare lo stabile al pozzo nero. Il proprietario di uno stabile ubicato in una zona non raggiunta dalla rete fognaria pubblica ha il dovere di informare per iscritto il prestatore del pubblico servizio sull\u2019inizio di utilizzo del piccolo impianto di depurazione.<\/p>\n<p>\u00c8 dovere del proprietario dello stabile &#8211; gestore di un impianto di depurazione con potenzialit\u00e0 inferiore a 50 AE provvedere alla prima misurazione dell\u2019emissione di sostanze allo scarico del piccolo impianto di depurazione; la misurazione pu\u00f2 essere eseguita solo da parte di un soggetto autorizzato al monitoraggio operativo. Il ritiro dei sedimenti e dei fanghi dal piccolo impianto di depurazione deve eseguirsi minimo una volta ogni tre anni.<\/p>\n<p>\n<\/div><\/div><\/div><div class=\"kc-elm kc-css-951169 col-12 col-md-4 column col-12 col-md-4\"><div class=\"kc-col-container\">\n<div class=\"kc-elm kc-css-715619 kc-title-wrap \">\n\n\t<h2 class=\"kc_title\">Contatti del servizio preposto alla rete fognaria<\/h2>\n<\/div>\n\n<div class=\"kc-elm kc-css-940792 kc-title-wrap \">\n\n\t<h2 class=\"kc_title\">Telefono<\/h2>\n<\/div>\n<div class=\"kc-elm kc-css-885930 kc_text_block\"><\/p>\n<p>\n05 \/ 66 34 935<\/p>\n<p>\n<\/div>\n<div class=\"kc-elm kc-css-696787 kc-title-wrap \">\n\n\t<h2 class=\"kc_title\">Indirizzo e-mail<\/h2>\n<\/div>\n<div class=\"kc-elm kc-css-258215 kc_text_block\"><\/p>\n<p>\n<a href=\"mailto:kanalizacija@komunala-izola.si\">kanalizacija@komunala-izola.si<\/a><\/p>\n<p>\n<\/div>\n<div class=\"kc-elm kc-css-669022 kc-title-wrap \">\n\n\t<h2 class=\"kc_title\">Orario per il pubblico<\/h2>\n<\/div>\n<div class=\"kc-elm kc-css-378246 kc_text_block\"><\/p>\n<p>\nLuned\u00ec, mercoled\u00ec e venerd\u00ec dalle ore 8.00 alle 10.00 e dalle 10.30 alle 12.00<\/p>\n<p>\n<\/div>\n<div class=\"kc-elm kc-css-216771 kc-title-wrap \">\n\n\t<h2 class=\"kc_title\">Programma di prestazione del pubblico servizio di smaltimento e depurazione delle acque reflue nel comune di Isola, relativo al periodo 2025 \u2013 2028<\/h2>\n<\/div>\n<div class=\"kc-elm kc-css-577740 kc_text_block\"><\/p>\n<p><a href=\"https:\/\/www.komunala-izola.si\/wp-content\/uploads\/2025\/02\/Program-izvajanja-JS-odvajanja-in-ciscenja-kom_odpadne-vode-2025-2028.pdf\" target=\"_blank\" rel=\"noopener noreferrer\">Scarica il file<\/a><\/p>\n<p>\n<\/div>\n<div class=\"kc-elm kc-css-557442 kc-title-wrap \">\n\n\t<h2 class=\"kc_title\">Avviso al pubblico, relativo allo smaltimento e alla depurazione delle acque reflue<\/h2>\n<\/div>\n<div class=\"kc-elm kc-css-500291 kc_text_block\"><\/p>\n<p><a href=\"https:\/\/www.komunala-izola.si\/wp-content\/uploads\/2025\/02\/Obvestilo-za-javnost-kanalizacija_2025.pdf\">Scarica il file<\/a><\/p>\n<p>\n<\/div>\n<div class=\"kc-elm kc-css-924439 kc-title-wrap \">\n\n\t<h2 class=\"kc_title\">Avviso per i proprietari dei piccoli impianti di depurazione individuali<\/h2>\n<\/div>\n<div class=\"kc-elm kc-css-540415 kc_text_block\"><\/p>\n<p><a href=\"https:\/\/www.komunala-izola.si\/wp-content\/uploads\/2026\/03\/Obvestilo-za-lastnike-MKCN-2023.pdf\" target=\"_blank\" rel=\"noopener noreferrer\">Scarica il file<\/a><\/p>\n<p>\n<\/div><\/div><\/div><\/div><\/div><\/section>\n","protected":false},"excerpt":{"rendered":"","protected":false},"author":6,"featured_media":3323,"parent":2859,"menu_order":0,"comment_status":"closed","ping_status":"closed","template":"page-templates\/fullwidthpage.php","meta":{"_acf_changed":false,"footnotes":""},"class_list":["post-2890","page","type-page","status-publish","has-post-thumbnail","hentry"],"acf":[],"_links":{"self":[{"href":"https:\/\/www.komunala-izola.si\/it\/wp-json\/wp\/v2\/pages\/2890","targetHints":{"allow":["GET"]}}],"collection":[{"href":"https:\/\/www.komunala-izola.si\/it\/wp-json\/wp\/v2\/pages"}],"about":[{"href":"https:\/\/www.komunala-izola.si\/it\/wp-json\/wp\/v2\/types\/page"}],"author":[{"embeddable":true,"href":"https:\/\/www.komunala-izola.si\/it\/wp-json\/wp\/v2\/users\/6"}],"replies":[{"embeddable":true,"href":"https:\/\/www.komunala-izola.si\/it\/wp-json\/wp\/v2\/comments?post=2890"}],"version-history":[{"count":1,"href":"https:\/\/www.komunala-izola.si\/it\/wp-json\/wp\/v2\/pages\/2890\/revisions"}],"predecessor-version":[{"id":12242,"href":"https:\/\/www.komunala-izola.si\/it\/wp-json\/wp\/v2\/pages\/2890\/revisions\/12242"}],"up":[{"embeddable":true,"href":"https:\/\/www.komunala-izola.si\/it\/wp-json\/wp\/v2\/pages\/2859"}],"wp:featuredmedia":[{"embeddable":true,"href":"https:\/\/www.komunala-izola.si\/it\/wp-json\/wp\/v2\/media\/3323"}],"wp:attachment":[{"href":"https:\/\/www.komunala-izola.si\/it\/wp-json\/wp\/v2\/media?parent=2890"}],"curies":[{"name":"wp","href":"https:\/\/api.w.org\/{rel}","templated":true}]}}