{"id":12643,"date":"2026-03-24T11:49:45","date_gmt":"2026-03-24T10:49:45","guid":{"rendered":"https:\/\/www.komunala-izola.si\/?page_id=12643"},"modified":"2026-03-26T07:49:07","modified_gmt":"2026-03-26T06:49:07","slug":"contenitore-ritiro-gratuito","status":"publish","type":"page","link":"https:\/\/www.komunala-izola.si\/it\/contenitore-ritiro-gratuito\/","title":{"rendered":"Richiesta di contenitore o ritiro gratuito"},"content":{"rendered":"<section class=\"kc-elm kc-css-140733 kc_row\"><div class=\" container  page\"><div class=\"row\"><div class=\"kc-elm kc-css-939855 col-12 col-md-6 column col-12 col-md-6\"><div class=\"kc-col-container\"><div class=\"kc-elm kc-css-512789 kc_shortcode kc_single_image podpora-img-wrapper\">\n\n        <img decoding=\"async\" src=\"https:\/\/www.komunala-izola.si\/wp-content\/uploads\/2025\/07\/Untitled-design-2.png\" class=\"\" alt=\"\" \/>    <\/div>\n\n<div class=\"kc-elm kc-css-168410 divider_line\">\n\t<div class=\"divider_inner divider_line1\">\n\t\t\t<\/div>\n<\/div>\n\n<div class=\"kc-elm kc-css-467245 kc-title-wrap \">\n\n\t<h5 class=\"kc_title\">Richiesta di ritiro o contenitore gratuito*<\/h5>\n<\/div>\n\n<div class=\"kc-elm kc-css-111975 kc-title-wrap \">\n\n\t<h6 class=\"kc_title\">Richiesta di ritiro<\/h6>\n<\/div>\n<div class=\"kc-elm kc-css-168267 kc_text_block\"><\/p>\n<p data-start=\"129\" data-end=\"205\">\ud83d\udcde 05\/66 34 936 (950)<\/p>\n<p data-start=\"129\" data-end=\"205\"><a class=\"decorated-link cursor-pointer\" rel=\"noopener\" data-start=\"179\" data-end=\"203\">\u2709 odvozi@komunala-izola.si<\/a><\/p>\n<p>\n<\/div>\n<div class=\"kc-elm kc-css-539810 kc-title-wrap \">\n\n\t<h6 class=\"kc_title\">Richiesta di contenitore<\/h6>\n<\/div>\n<div class=\"kc-elm kc-css-296233 kc_text_block\"><\/p>\n<p data-start=\"207\" data-end=\"289\">\ud83d\udcde 05\/66 34 928<\/p>\n<p data-start=\"207\" data-end=\"289\"><a class=\"decorated-link cursor-pointer\" rel=\"noopener\" data-start=\"257\" data-end=\"287\">\u2709 zbirnicenter@komunala-izola.si<\/a><\/p>\n<p>\n<\/div><\/div><\/div><div class=\"kc-elm kc-css-871393 col-12 col-md-6 column col-12 col-md-6 d-flex align-items-center\"><div class=\"kc-col-container\">\n<div class=\"kc-elm kc-css-672259 kc-title-wrap \">\n\n\t<h4 class=\"kc_title\">Komunala Isola offre a tutte le famiglie del comune di Isola il ritiro* gratuito con un piccolo autocarro e la possibilit\u00e0 di ordinare* gratuitamente un contenitore da 5m\u00b3.<\/h4>\n<\/div>\n<div class=\"kc-elm kc-css-725712 kc_text_block\"><\/p>\n<p data-start=\"61\" data-end=\"301\">Il ritiro con un piccolo autocarro \u00e8 particolarmente adatto alle zone urbane, dove, a causa di vincoli di spazio, non \u00e8 possibile posizionare contenitori pi\u00f9 grandi (5 m\u00b3). Ogni famiglia ha la possibilit\u00e0 di richiedere:<\/p>\n<ul data-start=\"562\" data-end=\"711\">\n<li data-start=\"562\" data-end=\"640\">\n<p data-start=\"564\" data-end=\"640\">il ritiro dei rifiuti ingombranti <strong>due volte l\u2019anno,<\/strong><\/p>\n<\/li>\n<li data-start=\"641\" data-end=\"711\">\n<p data-start=\"643\" data-end=\"711\">il ritiro delle potature <strong>una volta all\u2019anno.<\/strong><\/p>\n<\/li>\n<\/ul>\n<p data-start=\"713\" data-end=\"776\"><em>*Il carico dei rifiuti deve essere effettuato dal richiedente.<\/em><\/p>\n<p data-start=\"713\" data-end=\"776\">Le persone fisiche, che sono paganti dei servizi di gestione dei rifiuti nel comune di Isola, hanno la possibilit\u00e0 di ordinare gratuitamente* un contenitore da 5 m\u00b3:<\/p>\n<ul data-start=\"940\" data-end=\"1027\">\n<li data-start=\"940\" data-end=\"987\"><strong data-start=\"154\" data-end=\"202\">due volte all\u2019anno <\/strong>per i rifiuti ingombranti,<\/li>\n<li data-section-id=\"11nda9i\" data-start=\"205\" data-end=\"247\"><strong data-start=\"207\" data-end=\"245\">una volta all\u2019anno<\/strong> per le potature.<\/li>\n<\/ul>\n<p data-start=\"1029\" data-end=\"1128\"><em>*Il contenitore deve essere ordinato almeno <span style=\"text-decoration: underline;\">una settimana prima della data di consegna desiderata.<\/span><\/em><\/p>\n<p>\n<\/div><div class=\"clear\"><\/div>\n<div class=\"mod-id-701675 kc-elm kc-css-701675 kc-raw-code emigma-icon-box-outer \">\n    <div class=\"layout-grid-1\">\n                                <a target=\"_blank\" href=\"https:\/\/www.komunala-izola.si\/wp-content\/uploads\/2024\/02\/OBRAZEC-ZA-NAROCILO-ZABOJNIKA-ZA-KOSOVNE-ODPADKE.pdf\" class=\"item d-flex flex-row text-left\">\n                                    <div class=\"item-icon pr-2\">\n                        <img decoding=\"async\" src=\"https:\/\/www.komunala-izola.si\/wp-content\/uploads\/2025\/07\/zabojnik-e1756105887759.png\" alt=\"image\/png\">                    <\/div>\n                                <div class=\"item-content\">\n                                        <p class=\"mb-0\">Ordine del contenitore da 5 m\u00b3 per rifiuti ingombranti<\/p>                <\/div>\n            <\/a>\n                                            <a target=\"_blank\" href=\"https:\/\/www.komunala-izola.si\/wp-content\/uploads\/2024\/02\/OBRAZEC-ZA-NAROCILO-ZABOJNIKA-ZELENI-REZ.pdf\" class=\"item d-flex flex-row text-left\">\n                                    <div class=\"item-icon pr-2\">\n                        <img decoding=\"async\" src=\"https:\/\/www.komunala-izola.si\/wp-content\/uploads\/2025\/07\/zabojnik-e1756105887759.png\" alt=\"image\/png\">                    <\/div>\n                                <div class=\"item-content\">\n                                        <p class=\"mb-0\">Ordine del contenitore da 5 m\u00b3 per le potature<\/p>                <\/div>\n            <\/a>\n                                            <a target=\"_blank\" href=\"https:\/\/www.komunala-izola.si\/wp-content\/uploads\/2024\/02\/OBRAZEC-ZA-NAROCILO-ZABOJNIKA-ZA-GRADBENE-ODPADKE.pdf\" class=\"item d-flex flex-row text-left\">\n                                    <div class=\"item-icon pr-2\">\n                        <img decoding=\"async\" src=\"https:\/\/www.komunala-izola.si\/wp-content\/uploads\/2025\/07\/zabojnik-e1756105887759.png\" alt=\"image\/png\">                    <\/div>\n                                <div class=\"item-content\">\n                                        <p class=\"mb-0\">Ordine del contenitore per rifiuti da costruzione<\/p>                <\/div>\n            <\/a>\n                                            <a target=\"_blank\" href=\"https:\/\/www.komunala-izola.si\/wp-content\/uploads\/2024\/02\/VLOGA-ZA-POSTAVITEV-ODSTRANITEV-ZABOJNIKA.pdf\" class=\"item d-flex flex-row text-left\">\n                                    <div class=\"item-icon pr-2\">\n                        <img decoding=\"async\" src=\"https:\/\/www.komunala-izola.si\/wp-content\/uploads\/2025\/07\/zabojnik-e1756105887759.png\" alt=\"image\/png\">                    <\/div>\n                                <div class=\"item-content\">\n                                        <p class=\"mb-0\">Installazione\/rimozione\/sostituzione del contenitore individuale<\/p>                <\/div>\n            <\/a>\n                        <\/div>\n<\/div>\n\n\n\n<div class=\"clear\"><\/div>\n<\/div><\/div><\/div><\/div><\/section>\n","protected":false},"excerpt":{"rendered":"<p>\u00c8 sempre un piacere per noi potervi essere d&#8217;aiuto. In caso di bisogno di informazioni vi invitiamo a contattarci.<\/p>\n","protected":false},"author":16,"featured_media":0,"parent":0,"menu_order":0,"comment_status":"closed","ping_status":"closed","template":"page-templates\/fullwidthpage.php","meta":{"_acf_changed":false,"footnotes":""},"class_list":["post-12643","page","type-page","status-publish","hentry"],"acf":[],"_links":{"self":[{"href":"https:\/\/www.komunala-izola.si\/it\/wp-json\/wp\/v2\/pages\/12643","targetHints":{"allow":["GET"]}}],"collection":[{"href":"https:\/\/www.komunala-izola.si\/it\/wp-json\/wp\/v2\/pages"}],"about":[{"href":"https:\/\/www.komunala-izola.si\/it\/wp-json\/wp\/v2\/types\/page"}],"author":[{"embeddable":true,"href":"https:\/\/www.komunala-izola.si\/it\/wp-json\/wp\/v2\/users\/16"}],"replies":[{"embeddable":true,"href":"https:\/\/www.komunala-izola.si\/it\/wp-json\/wp\/v2\/comments?post=12643"}],"version-history":[{"count":11,"href":"https:\/\/www.komunala-izola.si\/it\/wp-json\/wp\/v2\/pages\/12643\/revisions"}],"predecessor-version":[{"id":12734,"href":"https:\/\/www.komunala-izola.si\/it\/wp-json\/wp\/v2\/pages\/12643\/revisions\/12734"}],"wp:attachment":[{"href":"https:\/\/www.komunala-izola.si\/it\/wp-json\/wp\/v2\/media?parent=12643"}],"curies":[{"name":"wp","href":"https:\/\/api.w.org\/{rel}","templated":true}]}}